{"id":104,"date":"2025-04-21T08:28:49","date_gmt":"2025-04-21T08:28:49","guid":{"rendered":"https:\/\/luzgoia.com\/?page_id=104"},"modified":"2025-04-23T14:30:11","modified_gmt":"2025-04-23T14:30:11","slug":"belleza-y-complementos","status":"publish","type":"page","link":"https:\/\/turismonilay.com\/LUZ\/belleza-y-complementos\/","title":{"rendered":"Belleza y complementos"},"content":{"rendered":"\t\t<div data-elementor-type=\"wp-page\" data-elementor-id=\"104\" class=\"elementor elementor-104\" data-elementor-post-type=\"page\">\n\t\t\t\t<div class=\"elementor-element elementor-element-426db9c e-flex e-con-boxed e-con e-parent\" data-id=\"426db9c\" data-element_type=\"container\" data-settings=\"{&quot;background_background&quot;:&quot;classic&quot;}\">\n\t\t\t\t\t<div class=\"e-con-inner\">\n\t\t<div class=\"elementor-element elementor-element-d0b11df e-flex e-con-boxed e-con e-child\" data-id=\"d0b11df\" data-element_type=\"container\" data-settings=\"{&quot;background_background&quot;:&quot;classic&quot;}\">\n\t\t\t\t\t<div class=\"e-con-inner\">\n\t\t<div class=\"elementor-element elementor-element-e5df38e e-con-full e-flex e-con e-child\" data-id=\"e5df38e\" data-element_type=\"container\" data-settings=\"{&quot;background_background&quot;:&quot;classic&quot;}\">\n\t\t\t\t<div class=\"elementor-element elementor-element-ac0fbb3 elementor-widget elementor-widget-heading\" data-id=\"ac0fbb3\" data-element_type=\"widget\" data-widget_type=\"heading.default\">\n\t\t\t\t<div class=\"elementor-widget-container\">\n\t\t\t\t\t<h1 class=\"elementor-heading-title elementor-size-default\">Belleza y Complementos<\/h1>\t\t\t\t<\/div>\n\t\t\t\t<\/div>\n\t\t\t\t<div class=\"elementor-element elementor-element-157086b elementor-widget elementor-widget-text-editor\" data-id=\"157086b\" data-element_type=\"widget\" data-widget_type=\"text-editor.default\">\n\t\t\t\t<div class=\"elementor-widget-container\">\n\t\t\t\t\t\t\t\t\t<p class=\"western\">Colecci\u00f3n de ropa \u00edntima para amarse en todo momento<\/p>\t\t\t\t\t\t\t\t<\/div>\n\t\t\t\t<\/div>\n\t\t\t\t<\/div>\n\t\t\t\t\t<\/div>\n\t\t\t\t<\/div>\n\t\t\t\t\t<\/div>\n\t\t\t\t<\/div>\n\t\t<div class=\"elementor-element elementor-element-c5501ad e-flex e-con-boxed e-con e-parent\" data-id=\"c5501ad\" data-element_type=\"container\">\n\t\t\t\t\t<div class=\"e-con-inner\">\n\t\t<div class=\"elementor-element elementor-element-04d2f41 e-con-full e-flex e-con e-child\" data-id=\"04d2f41\" data-element_type=\"container\">\n\t\t\t\t<div class=\"elementor-element elementor-element-167fdda elementor-widget elementor-widget-heading\" data-id=\"167fdda\" data-element_type=\"widget\" data-widget_type=\"heading.default\">\n\t\t\t\t<div class=\"elementor-widget-container\">\n\t\t\t\t\t<h2 class=\"elementor-heading-title elementor-size-default\">Prendas que celebran tu esencia y te acompa\u00f1an siempre<\/h2>\t\t\t\t<\/div>\n\t\t\t\t<\/div>\n\t\t\t\t<div class=\"elementor-element elementor-element-b815f75 elementor-widget elementor-widget-text-editor\" data-id=\"b815f75\" data-element_type=\"widget\" data-widget_type=\"text-editor.default\">\n\t\t\t\t<div class=\"elementor-widget-container\">\n\t\t\t\t\t\t\t\t\t<p class=\"western\">En Luz Goia creemos que la belleza comienza desde el interior. Por eso estamos creando una colecci\u00f3n especial de ropa \u00edntima dise\u00f1ada para que te sientas c\u00f3moda, segura y amada en cada instante, sin importar la ocasi\u00f3n.<\/p><p class=\"western\">Nuestra ropa \u00edntima no es solo una prenda m\u00e1s: es un acto de amor propio, un homenaje a tu cuerpo y un reflejo de tu esencia. Pronto podr\u00e1s descubrir piezas cuidadosamente seleccionadas que combinan confort, estilo y elegancia para que te sientas bien contigo misma, d\u00eda tras d\u00eda.<\/p>\t\t\t\t\t\t\t\t<\/div>\n\t\t\t\t<\/div>\n\t\t\t\t<\/div>\n\t\t<div class=\"elementor-element elementor-element-3dc8e52 e-con-full e-flex e-con e-child\" data-id=\"3dc8e52\" data-element_type=\"container\">\n\t\t\t\t<div class=\"elementor-element elementor-element-5ae0dee elementor-widget elementor-widget-image\" data-id=\"5ae0dee\" data-element_type=\"widget\" data-widget_type=\"image.default\">\n\t\t\t\t<div class=\"elementor-widget-container\">\n\t\t\t\t\t\t\t\t\t\t\t\t\t\t\t<img fetchpriority=\"high\" decoding=\"async\" width=\"640\" height=\"690\" src=\"https:\/\/turismonilay.com\/LUZ\/wp-content\/uploads\/2025\/04\/lenceria2-cuadrado.jpg\" class=\"attachment-full size-full wp-image-617\" alt=\"\" srcset=\"https:\/\/turismonilay.com\/LUZ\/wp-content\/uploads\/2025\/04\/lenceria2-cuadrado.jpg 640w, https:\/\/turismonilay.com\/LUZ\/wp-content\/uploads\/2025\/04\/lenceria2-cuadrado-278x300.jpg 278w\" sizes=\"(max-width: 640px) 100vw, 640px\" \/>\t\t\t\t\t\t\t\t\t\t\t\t\t\t\t<\/div>\n\t\t\t\t<\/div>\n\t\t\t\t<\/div>\n\t\t\t\t\t<\/div>\n\t\t\t\t<\/div>\n\t\t<div class=\"elementor-element elementor-element-f27d1d5 e-flex e-con-boxed e-con e-parent\" data-id=\"f27d1d5\" data-element_type=\"container\">\n\t\t\t\t\t<div class=\"e-con-inner\">\n\t\t\t\t<div class=\"elementor-element elementor-element-93b59b7 elementor-widget elementor-widget-heading\" data-id=\"93b59b7\" data-element_type=\"widget\" data-widget_type=\"heading.default\">\n\t\t\t\t<div class=\"elementor-widget-container\">\n\t\t\t\t\t<h2 class=\"elementor-heading-title elementor-size-default\">\u00bfQu\u00e9 encontrar\u00e1s en nuestra colecci\u00f3n?<\/h2>\t\t\t\t<\/div>\n\t\t\t\t<\/div>\n\t\t\t\t\t<\/div>\n\t\t\t\t<\/div>\n\t\t<div class=\"elementor-element elementor-element-8d5a742 e-grid e-con-boxed e-con e-parent\" data-id=\"8d5a742\" data-element_type=\"container\">\n\t\t\t\t\t<div class=\"e-con-inner\">\n\t\t\t\t<div class=\"elementor-element elementor-element-037efd0 elementor-invisible elementor-widget elementor-widget-icon-box\" data-id=\"037efd0\" data-element_type=\"widget\" data-settings=\"{&quot;_animation&quot;:&quot;fadeInDown&quot;}\" data-widget_type=\"icon-box.default\">\n\t\t\t\t<div class=\"elementor-widget-container\">\n\t\t\t\t\t\t\t<div class=\"elementor-icon-box-wrapper\">\n\n\t\t\t\n\t\t\t\t\t\t<div class=\"elementor-icon-box-content\">\n\n\t\t\t\t\t\t\t\t\t<h3 class=\"elementor-icon-box-title\">\n\t\t\t\t\t\t<span  >\n\t\t\t\t\t\t\tDise\u00f1os pensados para ti\t\t\t\t\t\t<\/span>\n\t\t\t\t\t<\/h3>\n\t\t\t\t\n\t\t\t\t\t\t\t\t\t<p class=\"elementor-icon-box-description\">\n\t\t\t\t\t\tPrendas que se adaptan a todas las siluetas y estilos, desde lo m\u00e1s delicado y rom\u00e1ntico hasta lo moderno y atrevido.\t\t\t\t\t<\/p>\n\t\t\t\t\n\t\t\t<\/div>\n\t\t\t\n\t\t<\/div>\n\t\t\t\t\t\t<\/div>\n\t\t\t\t<\/div>\n\t\t\t\t<div class=\"elementor-element elementor-element-b2d4747 elementor-invisible elementor-widget elementor-widget-icon-box\" data-id=\"b2d4747\" data-element_type=\"widget\" data-settings=\"{&quot;_animation&quot;:&quot;fadeInDown&quot;}\" data-widget_type=\"icon-box.default\">\n\t\t\t\t<div class=\"elementor-widget-container\">\n\t\t\t\t\t\t\t<div class=\"elementor-icon-box-wrapper\">\n\n\t\t\t\n\t\t\t\t\t\t<div class=\"elementor-icon-box-content\">\n\n\t\t\t\t\t\t\t\t\t<h3 class=\"elementor-icon-box-title\">\n\t\t\t\t\t\t<span  >\n\t\t\t\t\t\t\tMateriales de calidad\t\t\t\t\t\t<\/span>\n\t\t\t\t\t<\/h3>\n\t\t\t\t\n\t\t\t\t\t\t\t\t\t<p class=\"elementor-icon-box-description\">\n\t\t\t\t\t\tSuavidad, transpirabilidad y durabilidad para cuidar tu piel y acompa\u00f1arte con confort.\t\t\t\t\t<\/p>\n\t\t\t\t\n\t\t\t<\/div>\n\t\t\t\n\t\t<\/div>\n\t\t\t\t\t\t<\/div>\n\t\t\t\t<\/div>\n\t\t\t\t<div class=\"elementor-element elementor-element-25eb032 elementor-invisible elementor-widget elementor-widget-icon-box\" data-id=\"25eb032\" data-element_type=\"widget\" data-settings=\"{&quot;_animation&quot;:&quot;fadeInDown&quot;}\" data-widget_type=\"icon-box.default\">\n\t\t\t\t<div class=\"elementor-widget-container\">\n\t\t\t\t\t\t\t<div class=\"elementor-icon-box-wrapper\">\n\n\t\t\t\n\t\t\t\t\t\t<div class=\"elementor-icon-box-content\">\n\n\t\t\t\t\t\t\t\t\t<h3 class=\"elementor-icon-box-title\">\n\t\t\t\t\t\t<span  >\n\t\t\t\t\t\t\tColores y detalles \u00fanicos\t\t\t\t\t\t<\/span>\n\t\t\t\t\t<\/h3>\n\t\t\t\t\n\t\t\t\t\t\t\t\t\t<p class=\"elementor-icon-box-description\">\n\t\t\t\t\t\tDesde tonos neutros y elegantes hasta colores vibrantes que despiertan tu energ\u00eda y confianza.\t\t\t\t\t<\/p>\n\t\t\t\t\n\t\t\t<\/div>\n\t\t\t\n\t\t<\/div>\n\t\t\t\t\t\t<\/div>\n\t\t\t\t<\/div>\n\t\t\t\t<div class=\"elementor-element elementor-element-47ba45a elementor-invisible elementor-widget elementor-widget-icon-box\" data-id=\"47ba45a\" data-element_type=\"widget\" data-settings=\"{&quot;_animation&quot;:&quot;fadeInDown&quot;}\" data-widget_type=\"icon-box.default\">\n\t\t\t\t<div class=\"elementor-widget-container\">\n\t\t\t\t\t\t\t<div class=\"elementor-icon-box-wrapper\">\n\n\t\t\t\n\t\t\t\t\t\t<div class=\"elementor-icon-box-content\">\n\n\t\t\t\t\t\t\t\t\t<h3 class=\"elementor-icon-box-title\">\n\t\t\t\t\t\t<span  >\n\t\t\t\t\t\t\tVersatilidad para cada momento\t\t\t\t\t\t<\/span>\n\t\t\t\t\t<\/h3>\n\t\t\t\t\n\t\t\t\t\t\t\t\t\t<p class=\"elementor-icon-box-description\">\n\t\t\t\t\t\tRopa \u00edntima para el d\u00eda a d\u00eda, ocasiones especiales y para sentirte bien en cualquier lugar.\t\t\t\t\t<\/p>\n\t\t\t\t\n\t\t\t<\/div>\n\t\t\t\n\t\t<\/div>\n\t\t\t\t\t\t<\/div>\n\t\t\t\t<\/div>\n\t\t\t\t\t<\/div>\n\t\t\t\t<\/div>\n\t\t<div class=\"elementor-element elementor-element-4f01223 e-flex e-con-boxed e-con e-parent\" data-id=\"4f01223\" data-element_type=\"container\" data-settings=\"{&quot;background_background&quot;:&quot;classic&quot;}\">\n\t\t\t\t\t<div class=\"e-con-inner\">\n\t\t\t\t<div class=\"elementor-element elementor-element-1778fb4 elementor-widget elementor-widget-heading\" data-id=\"1778fb4\" data-element_type=\"widget\" data-widget_type=\"heading.default\">\n\t\t\t\t<div class=\"elementor-widget-container\">\n\t\t\t\t\t<h2 class=\"elementor-heading-title elementor-size-default\">Pr\u00f3ximamente\u2026<\/h2>\t\t\t\t<\/div>\n\t\t\t\t<\/div>\n\t\t\t\t<div class=\"elementor-element elementor-element-310a5ad elementor-widget elementor-widget-text-editor\" data-id=\"310a5ad\" data-element_type=\"widget\" data-widget_type=\"text-editor.default\">\n\t\t\t\t<div class=\"elementor-widget-container\">\n\t\t\t\t\t\t\t\t\t<p class=\"western\">Estamos trabajando para lanzar esta colecci\u00f3n que te invita a amarte en todo momento. Mientras tanto, te invitamos a seguir nuestro Instagram oficial, donde compartimos adelantos, inspiraci\u00f3n y consejos para conectar con tu esencia a trav\u00e9s de la belleza \u00edntima.<\/p>\t\t\t\t\t\t\t\t<\/div>\n\t\t\t\t<\/div>\n\t\t\t\t<div class=\"elementor-element elementor-element-cbd005d elementor-align-center elementor-widget elementor-widget-button\" data-id=\"cbd005d\" data-element_type=\"widget\" data-widget_type=\"button.default\">\n\t\t\t\t<div class=\"elementor-widget-container\">\n\t\t\t\t\t\t\t\t\t<div class=\"elementor-button-wrapper\">\n\t\t\t\t\t<a class=\"elementor-button elementor-button-link elementor-size-sm\" href=\"https:\/\/www.instagram.com\/luz.asesora.integral\" target=\"_blank\" rel=\"nofollow\">\n\t\t\t\t\t\t<span class=\"elementor-button-content-wrapper\">\n\t\t\t\t\t\t\t\t\t<span class=\"elementor-button-text\">Sigue nuestro proceso<\/span>\n\t\t\t\t\t<\/span>\n\t\t\t\t\t<\/a>\n\t\t\t\t<\/div>\n\t\t\t\t\t\t\t\t<\/div>\n\t\t\t\t<\/div>\n\t\t\t\t\t<\/div>\n\t\t\t\t<\/div>\n\t\t\t\t<\/div>\n\t\t","protected":false},"excerpt":{"rendered":"<p>Belleza y Complementos Colecci\u00f3n de ropa \u00edntima para amarse en todo momento Prendas que celebran tu esencia y te acompa\u00f1an siempre En Luz Goia creemos que la belleza comienza desde el interior. Por eso estamos creando una colecci\u00f3n especial de ropa \u00edntima dise\u00f1ada para que te sientas c\u00f3moda, segura y amada en cada instante, sin [&hellip;]<\/p>\n","protected":false},"author":1,"featured_media":0,"parent":0,"menu_order":0,"comment_status":"closed","ping_status":"closed","template":"elementor_header_footer","meta":{"_joinchat":[],"footnotes":""},"class_list":["post-104","page","type-page","status-publish","hentry"],"yoast_head":"<!-- This site is optimized with the Yoast SEO plugin v26.1.1 - https:\/\/yoast.com\/wordpress\/plugins\/seo\/ -->\n<title>Belleza y complementos - Luz Goia<\/title>\n<meta name=\"robots\" content=\"index, follow, max-snippet:-1, max-image-preview:large, max-video-preview:-1\" \/>\n<link rel=\"canonical\" href=\"https:\/\/turismonilay.com\/LUZ\/belleza-y-complementos\/\" \/>\n<meta property=\"og:locale\" content=\"es_ES\" \/>\n<meta property=\"og:type\" content=\"article\" \/>\n<meta property=\"og:title\" content=\"Belleza y complementos - Luz Goia\" \/>\n<meta property=\"og:description\" content=\"Belleza y Complementos Colecci\u00f3n de ropa \u00edntima para amarse en todo momento Prendas que celebran tu esencia y te acompa\u00f1an siempre En Luz Goia creemos que la belleza comienza desde el interior. Por eso estamos creando una colecci\u00f3n especial de ropa \u00edntima dise\u00f1ada para que te sientas c\u00f3moda, segura y amada en cada instante, sin [&hellip;]\" \/>\n<meta property=\"og:url\" content=\"https:\/\/turismonilay.com\/LUZ\/belleza-y-complementos\/\" \/>\n<meta property=\"og:site_name\" content=\"Luz Goia\" \/>\n<meta property=\"article:modified_time\" content=\"2025-04-23T14:30:11+00:00\" \/>\n<meta property=\"og:image\" content=\"http:\/\/turismonilay.com\/LUZ\/wp-content\/uploads\/2025\/04\/lenceria2-cuadrado.jpg\" \/>\n<meta name=\"twitter:card\" content=\"summary_large_image\" \/>\n<meta name=\"twitter:label1\" content=\"Tiempo de lectura\" \/>\n\t<meta name=\"twitter:data1\" content=\"1 minuto\" \/>\n<script type=\"application\/ld+json\" class=\"yoast-schema-graph\">{\"@context\":\"https:\/\/schema.org\",\"@graph\":[{\"@type\":\"WebPage\",\"@id\":\"https:\/\/turismonilay.com\/LUZ\/belleza-y-complementos\/\",\"url\":\"https:\/\/turismonilay.com\/LUZ\/belleza-y-complementos\/\",\"name\":\"Belleza y complementos - Luz Goia\",\"isPartOf\":{\"@id\":\"https:\/\/turismonilay.com\/LUZ\/#website\"},\"primaryImageOfPage\":{\"@id\":\"https:\/\/turismonilay.com\/LUZ\/belleza-y-complementos\/#primaryimage\"},\"image\":{\"@id\":\"https:\/\/turismonilay.com\/LUZ\/belleza-y-complementos\/#primaryimage\"},\"thumbnailUrl\":\"http:\/\/turismonilay.com\/LUZ\/wp-content\/uploads\/2025\/04\/lenceria2-cuadrado.jpg\",\"datePublished\":\"2025-04-21T08:28:49+00:00\",\"dateModified\":\"2025-04-23T14:30:11+00:00\",\"breadcrumb\":{\"@id\":\"https:\/\/turismonilay.com\/LUZ\/belleza-y-complementos\/#breadcrumb\"},\"inLanguage\":\"es\",\"potentialAction\":[{\"@type\":\"ReadAction\",\"target\":[\"https:\/\/turismonilay.com\/LUZ\/belleza-y-complementos\/\"]}]},{\"@type\":\"ImageObject\",\"inLanguage\":\"es\",\"@id\":\"https:\/\/turismonilay.com\/LUZ\/belleza-y-complementos\/#primaryimage\",\"url\":\"http:\/\/turismonilay.com\/LUZ\/wp-content\/uploads\/2025\/04\/lenceria2-cuadrado.jpg\",\"contentUrl\":\"http:\/\/turismonilay.com\/LUZ\/wp-content\/uploads\/2025\/04\/lenceria2-cuadrado.jpg\"},{\"@type\":\"BreadcrumbList\",\"@id\":\"https:\/\/turismonilay.com\/LUZ\/belleza-y-complementos\/#breadcrumb\",\"itemListElement\":[{\"@type\":\"ListItem\",\"position\":1,\"name\":\"Portada\",\"item\":\"https:\/\/turismonilay.com\/LUZ\/\"},{\"@type\":\"ListItem\",\"position\":2,\"name\":\"Belleza y complementos\"}]},{\"@type\":\"WebSite\",\"@id\":\"https:\/\/turismonilay.com\/LUZ\/#website\",\"url\":\"https:\/\/turismonilay.com\/LUZ\/\",\"name\":\"Luz Goia\",\"description\":\"\",\"publisher\":{\"@id\":\"https:\/\/turismonilay.com\/LUZ\/#organization\"},\"potentialAction\":[{\"@type\":\"SearchAction\",\"target\":{\"@type\":\"EntryPoint\",\"urlTemplate\":\"https:\/\/turismonilay.com\/LUZ\/?s={search_term_string}\"},\"query-input\":{\"@type\":\"PropertyValueSpecification\",\"valueRequired\":true,\"valueName\":\"search_term_string\"}}],\"inLanguage\":\"es\"},{\"@type\":\"Organization\",\"@id\":\"https:\/\/turismonilay.com\/LUZ\/#organization\",\"name\":\"Luz Goia\",\"url\":\"https:\/\/turismonilay.com\/LUZ\/\",\"logo\":{\"@type\":\"ImageObject\",\"inLanguage\":\"es\",\"@id\":\"https:\/\/turismonilay.com\/LUZ\/#\/schema\/logo\/image\/\",\"url\":\"https:\/\/turismonilay.com\/LUZ\/wp-content\/uploads\/2025\/04\/logo-prov-blanco.png\",\"contentUrl\":\"https:\/\/turismonilay.com\/LUZ\/wp-content\/uploads\/2025\/04\/logo-prov-blanco.png\",\"width\":1080,\"height\":253,\"caption\":\"Luz Goia\"},\"image\":{\"@id\":\"https:\/\/turismonilay.com\/LUZ\/#\/schema\/logo\/image\/\"}}]}<\/script>\n<!-- \/ Yoast SEO plugin. -->","yoast_head_json":{"title":"Belleza y complementos - Luz Goia","robots":{"index":"index","follow":"follow","max-snippet":"max-snippet:-1","max-image-preview":"max-image-preview:large","max-video-preview":"max-video-preview:-1"},"canonical":"https:\/\/turismonilay.com\/LUZ\/belleza-y-complementos\/","og_locale":"es_ES","og_type":"article","og_title":"Belleza y complementos - Luz Goia","og_description":"Belleza y Complementos Colecci\u00f3n de ropa \u00edntima para amarse en todo momento Prendas que celebran tu esencia y te acompa\u00f1an siempre En Luz Goia creemos que la belleza comienza desde el interior. Por eso estamos creando una colecci\u00f3n especial de ropa \u00edntima dise\u00f1ada para que te sientas c\u00f3moda, segura y amada en cada instante, sin [&hellip;]","og_url":"https:\/\/turismonilay.com\/LUZ\/belleza-y-complementos\/","og_site_name":"Luz Goia","article_modified_time":"2025-04-23T14:30:11+00:00","og_image":[{"url":"http:\/\/turismonilay.com\/LUZ\/wp-content\/uploads\/2025\/04\/lenceria2-cuadrado.jpg","type":"","width":"","height":""}],"twitter_card":"summary_large_image","twitter_misc":{"Tiempo de lectura":"1 minuto"},"schema":{"@context":"https:\/\/schema.org","@graph":[{"@type":"WebPage","@id":"https:\/\/turismonilay.com\/LUZ\/belleza-y-complementos\/","url":"https:\/\/turismonilay.com\/LUZ\/belleza-y-complementos\/","name":"Belleza y complementos - Luz Goia","isPartOf":{"@id":"https:\/\/turismonilay.com\/LUZ\/#website"},"primaryImageOfPage":{"@id":"https:\/\/turismonilay.com\/LUZ\/belleza-y-complementos\/#primaryimage"},"image":{"@id":"https:\/\/turismonilay.com\/LUZ\/belleza-y-complementos\/#primaryimage"},"thumbnailUrl":"http:\/\/turismonilay.com\/LUZ\/wp-content\/uploads\/2025\/04\/lenceria2-cuadrado.jpg","datePublished":"2025-04-21T08:28:49+00:00","dateModified":"2025-04-23T14:30:11+00:00","breadcrumb":{"@id":"https:\/\/turismonilay.com\/LUZ\/belleza-y-complementos\/#breadcrumb"},"inLanguage":"es","potentialAction":[{"@type":"ReadAction","target":["https:\/\/turismonilay.com\/LUZ\/belleza-y-complementos\/"]}]},{"@type":"ImageObject","inLanguage":"es","@id":"https:\/\/turismonilay.com\/LUZ\/belleza-y-complementos\/#primaryimage","url":"http:\/\/turismonilay.com\/LUZ\/wp-content\/uploads\/2025\/04\/lenceria2-cuadrado.jpg","contentUrl":"http:\/\/turismonilay.com\/LUZ\/wp-content\/uploads\/2025\/04\/lenceria2-cuadrado.jpg"},{"@type":"BreadcrumbList","@id":"https:\/\/turismonilay.com\/LUZ\/belleza-y-complementos\/#breadcrumb","itemListElement":[{"@type":"ListItem","position":1,"name":"Portada","item":"https:\/\/turismonilay.com\/LUZ\/"},{"@type":"ListItem","position":2,"name":"Belleza y complementos"}]},{"@type":"WebSite","@id":"https:\/\/turismonilay.com\/LUZ\/#website","url":"https:\/\/turismonilay.com\/LUZ\/","name":"Luz Goia","description":"","publisher":{"@id":"https:\/\/turismonilay.com\/LUZ\/#organization"},"potentialAction":[{"@type":"SearchAction","target":{"@type":"EntryPoint","urlTemplate":"https:\/\/turismonilay.com\/LUZ\/?s={search_term_string}"},"query-input":{"@type":"PropertyValueSpecification","valueRequired":true,"valueName":"search_term_string"}}],"inLanguage":"es"},{"@type":"Organization","@id":"https:\/\/turismonilay.com\/LUZ\/#organization","name":"Luz Goia","url":"https:\/\/turismonilay.com\/LUZ\/","logo":{"@type":"ImageObject","inLanguage":"es","@id":"https:\/\/turismonilay.com\/LUZ\/#\/schema\/logo\/image\/","url":"https:\/\/turismonilay.com\/LUZ\/wp-content\/uploads\/2025\/04\/logo-prov-blanco.png","contentUrl":"https:\/\/turismonilay.com\/LUZ\/wp-content\/uploads\/2025\/04\/logo-prov-blanco.png","width":1080,"height":253,"caption":"Luz Goia"},"image":{"@id":"https:\/\/turismonilay.com\/LUZ\/#\/schema\/logo\/image\/"}}]}},"_links":{"self":[{"href":"https:\/\/turismonilay.com\/LUZ\/wp-json\/wp\/v2\/pages\/104","targetHints":{"allow":["GET"]}}],"collection":[{"href":"https:\/\/turismonilay.com\/LUZ\/wp-json\/wp\/v2\/pages"}],"about":[{"href":"https:\/\/turismonilay.com\/LUZ\/wp-json\/wp\/v2\/types\/page"}],"author":[{"embeddable":true,"href":"https:\/\/turismonilay.com\/LUZ\/wp-json\/wp\/v2\/users\/1"}],"replies":[{"embeddable":true,"href":"https:\/\/turismonilay.com\/LUZ\/wp-json\/wp\/v2\/comments?post=104"}],"version-history":[{"count":28,"href":"https:\/\/turismonilay.com\/LUZ\/wp-json\/wp\/v2\/pages\/104\/revisions"}],"predecessor-version":[{"id":637,"href":"https:\/\/turismonilay.com\/LUZ\/wp-json\/wp\/v2\/pages\/104\/revisions\/637"}],"wp:attachment":[{"href":"https:\/\/turismonilay.com\/LUZ\/wp-json\/wp\/v2\/media?parent=104"}],"curies":[{"name":"wp","href":"https:\/\/api.w.org\/{rel}","templated":true}]}}