{"id":38,"date":"2025-03-07T11:49:59","date_gmt":"2025-03-07T11:49:59","guid":{"rendered":"https:\/\/luzgoia.com\/?page_id=38"},"modified":"2025-10-19T15:28:47","modified_gmt":"2025-10-19T15:28:47","slug":"inicio","status":"publish","type":"page","link":"https:\/\/turismonilay.com\/LUZ\/","title":{"rendered":"Inicio"},"content":{"rendered":"\t\t<div data-elementor-type=\"wp-page\" data-elementor-id=\"38\" class=\"elementor elementor-38\" data-elementor-post-type=\"page\">\n\t\t\t\t<div class=\"elementor-element elementor-element-6bcc4e6d e-flex e-con-boxed e-con e-parent\" data-id=\"6bcc4e6d\" data-element_type=\"container\" id=\"content\" data-settings=\"{&quot;background_background&quot;:&quot;slideshow&quot;,&quot;background_slideshow_gallery&quot;:[{&quot;id&quot;:231,&quot;url&quot;:&quot;http:\\\/\\\/turismonilay.com\\\/LUZ\\\/wp-content\\\/uploads\\\/2025\\\/04\\\/paleta-scaled.jpg&quot;},{&quot;id&quot;:235,&quot;url&quot;:&quot;http:\\\/\\\/turismonilay.com\\\/LUZ\\\/wp-content\\\/uploads\\\/2025\\\/04\\\/revista3.jpg&quot;},{&quot;id&quot;:236,&quot;url&quot;:&quot;http:\\\/\\\/turismonilay.com\\\/LUZ\\\/wp-content\\\/uploads\\\/2025\\\/04\\\/revista4.jpg&quot;},{&quot;id&quot;:216,&quot;url&quot;:&quot;http:\\\/\\\/turismonilay.com\\\/LUZ\\\/wp-content\\\/uploads\\\/2025\\\/04\\\/armario1.jpg&quot;}],&quot;background_slideshow_ken_burns&quot;:&quot;yes&quot;,&quot;background_slideshow_loop&quot;:&quot;yes&quot;,&quot;background_slideshow_slide_duration&quot;:5000,&quot;background_slideshow_slide_transition&quot;:&quot;fade&quot;,&quot;background_slideshow_transition_duration&quot;:500,&quot;background_slideshow_ken_burns_zoom_direction&quot;:&quot;in&quot;}\" tabindex=\"\">\n\t\t\t\t\t<div class=\"e-con-inner\">\n\t\t<div class=\"elementor-element elementor-element-45b99063 e-con-full e-flex e-con e-child\" data-id=\"45b99063\" data-element_type=\"container\" data-settings=\"{&quot;background_background&quot;:&quot;classic&quot;}\">\n\t\t<div class=\"elementor-element elementor-element-24e676df e-con-full e-flex e-con e-child\" data-id=\"24e676df\" data-element_type=\"container\">\n\t\t\t\t<div class=\"elementor-element elementor-element-1174376c elementor-widget elementor-widget-heading\" data-id=\"1174376c\" data-element_type=\"widget\" data-widget_type=\"heading.default\">\n\t\t\t\t<div class=\"elementor-widget-container\">\n\t\t\t\t\t<h1 class=\"elementor-heading-title elementor-size-default\">Conecta con tu imagen, potencia tu confianza<\/h1>\t\t\t\t<\/div>\n\t\t\t\t<\/div>\n\t\t\t\t<div class=\"elementor-element elementor-element-f32307e elementor-widget elementor-widget-heading\" data-id=\"f32307e\" data-element_type=\"widget\" data-widget_type=\"heading.default\">\n\t\t\t\t<div class=\"elementor-widget-container\">\n\t\t\t\t\t<p class=\"elementor-heading-title elementor-size-default\">\u00a1Brillemos con estilo!<\/p>\t\t\t\t<\/div>\n\t\t\t\t<\/div>\n\t\t\t\t<div class=\"elementor-element elementor-element-45f3a17 elementor-widget elementor-widget-text-editor\" data-id=\"45f3a17\" data-element_type=\"widget\" data-widget_type=\"text-editor.default\">\n\t\t\t\t<div class=\"elementor-widget-container\">\n\t\t\t\t\t\t\t\t\t<p class=\"western\">\u00bfSientes que tu imagen ya no refleja qui\u00e9n eres hoy? \u00bfTe gustar\u00eda verte y sentirte aut\u00e9ntica, segura y radiante?<\/p><p class=\"western\">Este es tu espacio para reconectar contigo, abrazar tu esencia y transformar tu imagen desde el amor propio.<\/p>\t\t\t\t\t\t\t\t<\/div>\n\t\t\t\t<\/div>\n\t\t\t\t<\/div>\n\t\t\t\t<\/div>\n\t\t\t\t\t<\/div>\n\t\t\t\t<\/div>\n\t\t<div class=\"elementor-element elementor-element-3e98d5a e-flex e-con-boxed e-con e-parent\" data-id=\"3e98d5a\" data-element_type=\"container\">\n\t\t\t\t\t<div class=\"e-con-inner\">\n\t\t<div class=\"elementor-element elementor-element-568f241 e-con-full e-flex e-con e-child\" data-id=\"568f241\" data-element_type=\"container\">\n\t\t\t\t<div class=\"elementor-element elementor-element-4b95cb3b elementor-widget elementor-widget-heading\" data-id=\"4b95cb3b\" data-element_type=\"widget\" data-widget_type=\"heading.default\">\n\t\t\t\t<div class=\"elementor-widget-container\">\n\t\t\t\t\t<div class=\"elementor-heading-title elementor-size-default\">Hola, soy Luz Goia<\/div>\t\t\t\t<\/div>\n\t\t\t\t<\/div>\n\t\t\t\t<div class=\"elementor-element elementor-element-6151c974 elementor-widget elementor-widget-text-editor\" data-id=\"6151c974\" data-element_type=\"widget\" data-widget_type=\"text-editor.default\">\n\t\t\t\t<div class=\"elementor-widget-container\">\n\t\t\t\t\t\t\t\t\t<p class=\"western\">Coach de imagen personal, y te acompa\u00f1o en el proceso de descubrir y potenciar todo lo que te hace \u00fanica. Juntas, haremos que tu imagen hable de ti, de tu historia y de tu luz.<\/p><p class=\"western\">Mi prop\u00f3sito es ayudarte a recobrar tu confianza, resaltando lo mejor de ti a trav\u00e9s de tu imagen. Creo profundamente que amarnos y aceptarnos es el mayor regalo que podemos hacernos. Cada transformaci\u00f3n es un abrazo para el alma, y quiero ser parte de ese camino contigo, trabajando siempre desde el amor y la autenticidad.<\/p>\t\t\t\t\t\t\t\t<\/div>\n\t\t\t\t<\/div>\n\t\t\t\t<\/div>\n\t\t<div class=\"elementor-element elementor-element-eff69d0 e-con-full e-flex e-con e-child\" data-id=\"eff69d0\" data-element_type=\"container\">\n\t\t\t\t<div class=\"elementor-element elementor-element-8922645 elementor-widget elementor-widget-image-carousel\" data-id=\"8922645\" data-element_type=\"widget\" data-settings=\"{&quot;slides_to_show&quot;:&quot;2&quot;,&quot;slides_to_scroll&quot;:&quot;1&quot;,&quot;navigation&quot;:&quot;none&quot;,&quot;image_spacing_custom&quot;:{&quot;unit&quot;:&quot;px&quot;,&quot;size&quot;:30,&quot;sizes&quot;:[]},&quot;slides_to_show_tablet&quot;:&quot;1&quot;,&quot;slides_to_show_mobile&quot;:&quot;1&quot;,&quot;autoplay&quot;:&quot;yes&quot;,&quot;pause_on_hover&quot;:&quot;yes&quot;,&quot;pause_on_interaction&quot;:&quot;yes&quot;,&quot;autoplay_speed&quot;:5000,&quot;infinite&quot;:&quot;yes&quot;,&quot;speed&quot;:500}\" data-widget_type=\"image-carousel.default\">\n\t\t\t\t<div class=\"elementor-widget-container\">\n\t\t\t\t\t\t\t<div class=\"elementor-image-carousel-wrapper swiper\" role=\"region\" aria-roledescription=\"carousel\" aria-label=\"Carrusel de im\u00e1genes\" dir=\"ltr\">\n\t\t\t<div class=\"elementor-image-carousel swiper-wrapper\" aria-live=\"off\">\n\t\t\t\t\t\t\t\t<div class=\"swiper-slide\" role=\"group\" aria-roledescription=\"slide\" aria-label=\"1 de 4\"><figure class=\"swiper-slide-inner\"><img decoding=\"async\" class=\"swiper-slide-image\" src=\"https:\/\/turismonilay.com\/LUZ\/wp-content\/uploads\/2025\/04\/DSCN1252-scaled.jpg\" alt=\"DSCN1252\" \/><\/figure><\/div><div class=\"swiper-slide\" role=\"group\" aria-roledescription=\"slide\" aria-label=\"2 de 4\"><figure class=\"swiper-slide-inner\"><img decoding=\"async\" class=\"swiper-slide-image\" src=\"https:\/\/turismonilay.com\/LUZ\/wp-content\/uploads\/2025\/10\/Luz-portada.jpg\" alt=\"Luz portada\" \/><\/figure><\/div><div class=\"swiper-slide\" role=\"group\" aria-roledescription=\"slide\" aria-label=\"3 de 4\"><figure class=\"swiper-slide-inner\"><img decoding=\"async\" class=\"swiper-slide-image\" src=\"https:\/\/turismonilay.com\/LUZ\/wp-content\/uploads\/2025\/04\/DSCN1249-scaled.jpg\" alt=\"DSCN1249\" \/><\/figure><\/div><div class=\"swiper-slide\" role=\"group\" aria-roledescription=\"slide\" aria-label=\"4 de 4\"><figure class=\"swiper-slide-inner\"><img decoding=\"async\" class=\"swiper-slide-image\" src=\"https:\/\/turismonilay.com\/LUZ\/wp-content\/uploads\/2025\/04\/DSCN1236-scaled.jpg\" alt=\"DSCN1236\" \/><\/figure><\/div>\t\t\t<\/div>\n\t\t\t\t\t\t\t\n\t\t\t\t\t\t\t\t\t<\/div>\n\t\t\t\t\t\t<\/div>\n\t\t\t\t<\/div>\n\t\t\t\t<\/div>\n\t\t\t\t\t<\/div>\n\t\t\t\t<\/div>\n\t\t<div class=\"elementor-element elementor-element-7cb7e10 e-flex e-con-boxed e-con e-parent\" data-id=\"7cb7e10\" data-element_type=\"container\">\n\t\t\t\t\t<div class=\"e-con-inner\">\n\t\t\t\t<div class=\"elementor-element elementor-element-500ea1b elementor-widget elementor-widget-heading\" data-id=\"500ea1b\" data-element_type=\"widget\" data-widget_type=\"heading.default\">\n\t\t\t\t<div class=\"elementor-widget-container\">\n\t\t\t\t\t<h2 class=\"elementor-heading-title elementor-size-default\">\u00bfC\u00f3mo puedo ayudarte?<\/h2>\t\t\t\t<\/div>\n\t\t\t\t<\/div>\n\t\t\t\t<div class=\"elementor-element elementor-element-6e1c4ce elementor-widget elementor-widget-text-editor\" data-id=\"6e1c4ce\" data-element_type=\"widget\" data-widget_type=\"text-editor.default\">\n\t\t\t\t<div class=\"elementor-widget-container\">\n\t\t\t\t\t\t\t\t\t<p class=\"western\">Te acompa\u00f1o en un proceso personalizado para que tu imagen refleje tu verdadera identidad y potencie tu autoestima. A trav\u00e9s de un asesoramiento cercano y humano, descubrir\u00e1s los colores, prendas y detalles que te favorecen, y aprender\u00e1s a expresar tu esencia en cada elecci\u00f3n.<\/p>\t\t\t\t\t\t\t\t<\/div>\n\t\t\t\t<\/div>\n\t\t\t\t\t<\/div>\n\t\t\t\t<\/div>\n\t\t<div class=\"elementor-element elementor-element-0208714 e-grid e-con-boxed e-con e-parent\" data-id=\"0208714\" data-element_type=\"container\" data-settings=\"{&quot;background_background&quot;:&quot;classic&quot;}\">\n\t\t\t\t\t<div class=\"e-con-inner\">\n\t\t\t\t<div class=\"elementor-element elementor-element-33d4d8c elementor-cta--skin-classic elementor-animated-content elementor-bg-transform elementor-bg-transform-zoom-in elementor-widget elementor-widget-call-to-action\" data-id=\"33d4d8c\" data-element_type=\"widget\" data-widget_type=\"call-to-action.default\">\n\t\t\t\t<div class=\"elementor-widget-container\">\n\t\t\t\t\t\t\t<a class=\"elementor-cta\" href=\"https:\/\/turismonilay.com\/LUZ\/asesoramiento-imagen\/\">\n\t\t\t\t\t<div class=\"elementor-cta__bg-wrapper\">\n\t\t\t\t<div class=\"elementor-cta__bg elementor-bg\" style=\"background-image: url(https:\/\/turismonilay.com\/LUZ\/wp-content\/uploads\/2025\/04\/pantone-1024x683.jpg);\" role=\"img\" aria-label=\"pantone\"><\/div>\n\t\t\t\t<div class=\"elementor-cta__bg-overlay\"><\/div>\n\t\t\t<\/div>\n\t\t\t\t\t\t\t<div class=\"elementor-cta__content\">\n\t\t\t\t\n\t\t\t\t\t\t\t\t\t<h3 class=\"elementor-cta__title elementor-cta__content-item elementor-content-item\">\n\t\t\t\t\t\tAsesoramiento de Imagen Personal\t\t\t\t\t<\/h3>\n\t\t\t\t\n\t\t\t\t\t\t\t\t\t<div class=\"elementor-cta__description elementor-cta__content-item elementor-content-item\">\n\t\t\t\t\t\tPara eventos, viajes, organizaci\u00f3n de guardarropas y estilismo personal adaptado a tu silueta y paleta de color.\t\t\t\t\t<\/div>\n\t\t\t\t\n\t\t\t\t\t\t\t\t\t<div class=\"elementor-cta__button-wrapper elementor-cta__content-item elementor-content-item \">\n\t\t\t\t\t<span class=\"elementor-cta__button elementor-button elementor-size-\">\n\t\t\t\t\t\tSaber m\u00e1s\t\t\t\t\t<\/span>\n\t\t\t\t\t<\/div>\n\t\t\t\t\t\t\t<\/div>\n\t\t\t\t\t\t<\/a>\n\t\t\t\t\t\t<\/div>\n\t\t\t\t<\/div>\n\t\t\t\t<div class=\"elementor-element elementor-element-cc0a876 elementor-cta--skin-classic elementor-animated-content elementor-bg-transform elementor-bg-transform-zoom-in elementor-widget elementor-widget-call-to-action\" data-id=\"cc0a876\" data-element_type=\"widget\" data-widget_type=\"call-to-action.default\">\n\t\t\t\t<div class=\"elementor-widget-container\">\n\t\t\t\t\t\t\t<a class=\"elementor-cta\" href=\"https:\/\/turismonilay.com\/LUZ\/estilismo-personalizado\/\">\n\t\t\t\t\t<div class=\"elementor-cta__bg-wrapper\">\n\t\t\t\t<div class=\"elementor-cta__bg elementor-bg\" style=\"background-image: url(https:\/\/turismonilay.com\/LUZ\/wp-content\/uploads\/2025\/04\/manicura-1024x576.jpg);\" role=\"img\" aria-label=\"manicura\"><\/div>\n\t\t\t\t<div class=\"elementor-cta__bg-overlay\"><\/div>\n\t\t\t<\/div>\n\t\t\t\t\t\t\t<div class=\"elementor-cta__content\">\n\t\t\t\t\n\t\t\t\t\t\t\t\t\t<h3 class=\"elementor-cta__title elementor-cta__content-item elementor-content-item\">\n\t\t\t\t\t\tEstilismo Personalizado\t\t\t\t\t<\/h3>\n\t\t\t\t\n\t\t\t\t\t\t\t\t\t<div class=\"elementor-cta__description elementor-cta__content-item elementor-content-item\">\n\t\t\t\t\t\tDise\u00f1o y belleza de u\u00f1as, dise\u00f1o de la mirada y selecci\u00f3n de accesorios para potenciar tu imagen.\t\t\t\t\t<\/div>\n\t\t\t\t\n\t\t\t\t\t\t\t\t\t<div class=\"elementor-cta__button-wrapper elementor-cta__content-item elementor-content-item \">\n\t\t\t\t\t<span class=\"elementor-cta__button elementor-button elementor-size-\">\n\t\t\t\t\t\tSaber m\u00e1s\t\t\t\t\t<\/span>\n\t\t\t\t\t<\/div>\n\t\t\t\t\t\t\t<\/div>\n\t\t\t\t\t\t<\/a>\n\t\t\t\t\t\t<\/div>\n\t\t\t\t<\/div>\n\t\t\t\t<div class=\"elementor-element elementor-element-e9f552a elementor-cta--skin-classic elementor-animated-content elementor-bg-transform elementor-bg-transform-zoom-in elementor-widget elementor-widget-call-to-action\" data-id=\"e9f552a\" data-element_type=\"widget\" data-widget_type=\"call-to-action.default\">\n\t\t\t\t<div class=\"elementor-widget-container\">\n\t\t\t\t\t\t\t<a class=\"elementor-cta\" href=\"https:\/\/turismonilay.com\/LUZ\/belleza-y-complementos\/\">\n\t\t\t\t\t<div class=\"elementor-cta__bg-wrapper\">\n\t\t\t\t<div class=\"elementor-cta__bg elementor-bg\" style=\"background-image: url(https:\/\/turismonilay.com\/LUZ\/wp-content\/uploads\/2025\/04\/lenceria1.jpg);\" role=\"img\" aria-label=\"lenceria1\"><\/div>\n\t\t\t\t<div class=\"elementor-cta__bg-overlay\"><\/div>\n\t\t\t<\/div>\n\t\t\t\t\t\t\t<div class=\"elementor-cta__content\">\n\t\t\t\t\n\t\t\t\t\t\t\t\t\t<h3 class=\"elementor-cta__title elementor-cta__content-item elementor-content-item\">\n\t\t\t\t\t\tBelleza y Complementos\t\t\t\t\t<\/h3>\n\t\t\t\t\n\t\t\t\t\t\t\t\t\t<div class=\"elementor-cta__description elementor-cta__content-item elementor-content-item\">\n\t\t\t\t\t\tColecci\u00f3n de ropa \u00edntima para amarte en todo momento (pr\u00f3ximamente).\t\t\t\t\t<\/div>\n\t\t\t\t\n\t\t\t\t\t\t\t\t\t<div class=\"elementor-cta__button-wrapper elementor-cta__content-item elementor-content-item \">\n\t\t\t\t\t<span class=\"elementor-cta__button elementor-button elementor-size-\">\n\t\t\t\t\t\tSaber m\u00e1s\t\t\t\t\t<\/span>\n\t\t\t\t\t<\/div>\n\t\t\t\t\t\t\t<\/div>\n\t\t\t\t\t\t<\/a>\n\t\t\t\t\t\t<\/div>\n\t\t\t\t<\/div>\n\t\t\t\t<div class=\"elementor-element elementor-element-b4297a0 elementor-cta--skin-classic elementor-animated-content elementor-bg-transform elementor-bg-transform-zoom-in elementor-widget elementor-widget-call-to-action\" data-id=\"b4297a0\" data-element_type=\"widget\" data-widget_type=\"call-to-action.default\">\n\t\t\t\t<div class=\"elementor-widget-container\">\n\t\t\t\t\t\t\t<a class=\"elementor-cta\" href=\"https:\/\/turismonilay.com\/LUZ\/bienestar-y-autoaceptacion\/\">\n\t\t\t\t\t<div class=\"elementor-cta__bg-wrapper\">\n\t\t\t\t<div class=\"elementor-cta__bg elementor-bg\" style=\"background-image: url(https:\/\/turismonilay.com\/LUZ\/wp-content\/uploads\/2025\/04\/holistico1.jpg);\" role=\"img\" aria-label=\"holistico1\"><\/div>\n\t\t\t\t<div class=\"elementor-cta__bg-overlay\"><\/div>\n\t\t\t<\/div>\n\t\t\t\t\t\t\t<div class=\"elementor-cta__content\">\n\t\t\t\t\n\t\t\t\t\t\t\t\t\t<h3 class=\"elementor-cta__title elementor-cta__content-item elementor-content-item\">\n\t\t\t\t\t\tBienestar y Autoaceptaci\u00f3n\t\t\t\t\t<\/h3>\n\t\t\t\t\n\t\t\t\t\t\t\t\t\t<div class=\"elementor-cta__description elementor-cta__content-item elementor-content-item\">\n\t\t\t\t\t\tAcompa\u00f1amiento emocional, terapias hol\u00edsticas y espacios de luz para fortalecer tu autoestima.\t\t\t\t\t<\/div>\n\t\t\t\t\n\t\t\t\t\t\t\t\t\t<div class=\"elementor-cta__button-wrapper elementor-cta__content-item elementor-content-item \">\n\t\t\t\t\t<span class=\"elementor-cta__button elementor-button elementor-size-\">\n\t\t\t\t\t\tSaber m\u00e1s\t\t\t\t\t<\/span>\n\t\t\t\t\t<\/div>\n\t\t\t\t\t\t\t<\/div>\n\t\t\t\t\t\t<\/a>\n\t\t\t\t\t\t<\/div>\n\t\t\t\t<\/div>\n\t\t\t\t\t<\/div>\n\t\t\t\t<\/div>\n\t\t<div class=\"elementor-element elementor-element-79ad9acb e-flex e-con-boxed e-con e-parent\" data-id=\"79ad9acb\" data-element_type=\"container\" data-settings=\"{&quot;background_background&quot;:&quot;classic&quot;}\">\n\t\t\t\t\t<div class=\"e-con-inner\">\n\t\t\t\t<div class=\"elementor-element elementor-element-675e6b30 elementor-widget elementor-widget-heading\" data-id=\"675e6b30\" data-element_type=\"widget\" data-widget_type=\"heading.default\">\n\t\t\t\t<div class=\"elementor-widget-container\">\n\t\t\t\t\t<h2 class=\"elementor-heading-title elementor-size-default\">\u00bfLista para brillar?<\/h2>\t\t\t\t<\/div>\n\t\t\t\t<\/div>\n\t\t\t\t<div class=\"elementor-element elementor-element-1c6e7b4 elementor-widget elementor-widget-text-editor\" data-id=\"1c6e7b4\" data-element_type=\"widget\" data-widget_type=\"text-editor.default\">\n\t\t\t\t<div class=\"elementor-widget-container\">\n\t\t\t\t\t\t\t\t\t<p class=\"western\">Te acompa\u00f1o en cada paso para que tu imagen sea el reflejo m\u00e1s aut\u00e9ntico de tu ser.<br \/><strong>Agenda tu primera sesi\u00f3n y comienza tu transformaci\u00f3n.<\/strong><\/p>\t\t\t\t\t\t\t\t<\/div>\n\t\t\t\t<\/div>\n\t\t\t\t<div class=\"elementor-element elementor-element-772f3cb elementor-align-center elementor-widget elementor-widget-button\" data-id=\"772f3cb\" data-element_type=\"widget\" data-widget_type=\"button.default\">\n\t\t\t\t<div class=\"elementor-widget-container\">\n\t\t\t\t\t\t\t\t\t<div class=\"elementor-button-wrapper\">\n\t\t\t\t\t<a class=\"elementor-button elementor-button-link elementor-size-sm\" href=\"https:\/\/wa.me\/34691594713\" target=\"_blank\" rel=\"nofollow\">\n\t\t\t\t\t\t<span class=\"elementor-button-content-wrapper\">\n\t\t\t\t\t\t\t\t\t<span class=\"elementor-button-text\">\u00bf Hablamos ?<\/span>\n\t\t\t\t\t<\/span>\n\t\t\t\t\t<\/a>\n\t\t\t\t<\/div>\n\t\t\t\t\t\t\t\t<\/div>\n\t\t\t\t<\/div>\n\t\t\t\t\t<\/div>\n\t\t\t\t<\/div>\n\t\t\t\t<\/div>\n\t\t","protected":false},"excerpt":{"rendered":"<p>Conecta con tu imagen, potencia tu confianza \u00a1Brillemos con estilo! \u00bfSientes que tu imagen ya no refleja qui\u00e9n eres hoy? \u00bfTe gustar\u00eda verte y sentirte aut\u00e9ntica, segura y radiante? Este es tu espacio para reconectar contigo, abrazar tu esencia y transformar tu imagen desde el amor propio. Hola, soy Luz Goia Coach de imagen personal, [&hellip;]<\/p>\n","protected":false},"author":1,"featured_media":0,"parent":0,"menu_order":0,"comment_status":"closed","ping_status":"closed","template":"elementor_header_footer","meta":{"_joinchat":[],"footnotes":""},"class_list":["post-38","page","type-page","status-publish","hentry"],"yoast_head":"<!-- This site is optimized with the Yoast SEO plugin v26.1.1 - https:\/\/yoast.com\/wordpress\/plugins\/seo\/ -->\n<title>Luz Goia<\/title>\n<meta name=\"description\" content=\"\u00bfSientes que tu imagen ya no refleja qui\u00e9n eres hoy? \u00bfTe gustar\u00eda verte y sentirte aut\u00e9ntica, segura y radiante?\" \/>\n<meta name=\"robots\" content=\"index, follow, max-snippet:-1, max-image-preview:large, max-video-preview:-1\" \/>\n<link rel=\"canonical\" href=\"https:\/\/turismonilay.com\/LUZ\/\" \/>\n<meta property=\"og:locale\" content=\"es_ES\" \/>\n<meta property=\"og:type\" content=\"article\" \/>\n<meta property=\"og:title\" content=\"Luz Goia\" \/>\n<meta property=\"og:description\" content=\"\u00bfSientes que tu imagen ya no refleja qui\u00e9n eres hoy? \u00bfTe gustar\u00eda verte y sentirte aut\u00e9ntica, segura y radiante?\" \/>\n<meta property=\"og:url\" content=\"https:\/\/turismonilay.com\/LUZ\/\" \/>\n<meta property=\"og:site_name\" content=\"Luz Goia\" \/>\n<meta property=\"article:modified_time\" content=\"2025-10-19T15:28:47+00:00\" \/>\n<meta property=\"og:image\" content=\"http:\/\/turismonilay.com\/LUZ\/wp-content\/uploads\/2025\/04\/DSCN1252-scaled.jpg\" \/>\n<meta name=\"twitter:card\" content=\"summary_large_image\" \/>\n<meta name=\"twitter:label1\" content=\"Tiempo de lectura\" \/>\n\t<meta name=\"twitter:data1\" content=\"3 minutos\" \/>\n<script type=\"application\/ld+json\" class=\"yoast-schema-graph\">{\"@context\":\"https:\/\/schema.org\",\"@graph\":[{\"@type\":\"WebPage\",\"@id\":\"https:\/\/turismonilay.com\/LUZ\/\",\"url\":\"https:\/\/turismonilay.com\/LUZ\/\",\"name\":\"Luz Goia\",\"isPartOf\":{\"@id\":\"https:\/\/turismonilay.com\/LUZ\/#website\"},\"primaryImageOfPage\":{\"@id\":\"https:\/\/turismonilay.com\/LUZ\/#primaryimage\"},\"image\":{\"@id\":\"https:\/\/turismonilay.com\/LUZ\/#primaryimage\"},\"thumbnailUrl\":\"http:\/\/turismonilay.com\/LUZ\/wp-content\/uploads\/2025\/04\/DSCN1252-scaled.jpg\",\"datePublished\":\"2025-03-07T11:49:59+00:00\",\"dateModified\":\"2025-10-19T15:28:47+00:00\",\"description\":\"\u00bfSientes que tu imagen ya no refleja qui\u00e9n eres hoy? \u00bfTe gustar\u00eda verte y sentirte aut\u00e9ntica, segura y radiante?\",\"breadcrumb\":{\"@id\":\"https:\/\/turismonilay.com\/LUZ\/#breadcrumb\"},\"inLanguage\":\"es\",\"potentialAction\":[{\"@type\":\"ReadAction\",\"target\":[\"https:\/\/turismonilay.com\/LUZ\/\"]}]},{\"@type\":\"ImageObject\",\"inLanguage\":\"es\",\"@id\":\"https:\/\/turismonilay.com\/LUZ\/#primaryimage\",\"url\":\"http:\/\/turismonilay.com\/LUZ\/wp-content\/uploads\/2025\/04\/DSCN1252-scaled.jpg\",\"contentUrl\":\"http:\/\/turismonilay.com\/LUZ\/wp-content\/uploads\/2025\/04\/DSCN1252-scaled.jpg\"},{\"@type\":\"BreadcrumbList\",\"@id\":\"https:\/\/turismonilay.com\/LUZ\/#breadcrumb\",\"itemListElement\":[{\"@type\":\"ListItem\",\"position\":1,\"name\":\"Portada\",\"item\":\"https:\/\/turismonilay.com\/LUZ\/\"},{\"@type\":\"ListItem\",\"position\":2,\"name\":\"Inicio\"}]},{\"@type\":\"WebSite\",\"@id\":\"https:\/\/turismonilay.com\/LUZ\/#website\",\"url\":\"https:\/\/turismonilay.com\/LUZ\/\",\"name\":\"Luz Goia\",\"description\":\"\",\"publisher\":{\"@id\":\"https:\/\/turismonilay.com\/LUZ\/#organization\"},\"potentialAction\":[{\"@type\":\"SearchAction\",\"target\":{\"@type\":\"EntryPoint\",\"urlTemplate\":\"https:\/\/turismonilay.com\/LUZ\/?s={search_term_string}\"},\"query-input\":{\"@type\":\"PropertyValueSpecification\",\"valueRequired\":true,\"valueName\":\"search_term_string\"}}],\"inLanguage\":\"es\"},{\"@type\":\"Organization\",\"@id\":\"https:\/\/turismonilay.com\/LUZ\/#organization\",\"name\":\"Luz Goia\",\"url\":\"https:\/\/turismonilay.com\/LUZ\/\",\"logo\":{\"@type\":\"ImageObject\",\"inLanguage\":\"es\",\"@id\":\"https:\/\/turismonilay.com\/LUZ\/#\/schema\/logo\/image\/\",\"url\":\"https:\/\/turismonilay.com\/LUZ\/wp-content\/uploads\/2025\/04\/logo-prov-blanco.png\",\"contentUrl\":\"https:\/\/turismonilay.com\/LUZ\/wp-content\/uploads\/2025\/04\/logo-prov-blanco.png\",\"width\":1080,\"height\":253,\"caption\":\"Luz Goia\"},\"image\":{\"@id\":\"https:\/\/turismonilay.com\/LUZ\/#\/schema\/logo\/image\/\"}}]}<\/script>\n<!-- \/ Yoast SEO plugin. -->","yoast_head_json":{"title":"Luz Goia","description":"\u00bfSientes que tu imagen ya no refleja qui\u00e9n eres hoy? \u00bfTe gustar\u00eda verte y sentirte aut\u00e9ntica, segura y radiante?","robots":{"index":"index","follow":"follow","max-snippet":"max-snippet:-1","max-image-preview":"max-image-preview:large","max-video-preview":"max-video-preview:-1"},"canonical":"https:\/\/turismonilay.com\/LUZ\/","og_locale":"es_ES","og_type":"article","og_title":"Luz Goia","og_description":"\u00bfSientes que tu imagen ya no refleja qui\u00e9n eres hoy? \u00bfTe gustar\u00eda verte y sentirte aut\u00e9ntica, segura y radiante?","og_url":"https:\/\/turismonilay.com\/LUZ\/","og_site_name":"Luz Goia","article_modified_time":"2025-10-19T15:28:47+00:00","og_image":[{"url":"http:\/\/turismonilay.com\/LUZ\/wp-content\/uploads\/2025\/04\/DSCN1252-scaled.jpg","type":"","width":"","height":""}],"twitter_card":"summary_large_image","twitter_misc":{"Tiempo de lectura":"3 minutos"},"schema":{"@context":"https:\/\/schema.org","@graph":[{"@type":"WebPage","@id":"https:\/\/turismonilay.com\/LUZ\/","url":"https:\/\/turismonilay.com\/LUZ\/","name":"Luz Goia","isPartOf":{"@id":"https:\/\/turismonilay.com\/LUZ\/#website"},"primaryImageOfPage":{"@id":"https:\/\/turismonilay.com\/LUZ\/#primaryimage"},"image":{"@id":"https:\/\/turismonilay.com\/LUZ\/#primaryimage"},"thumbnailUrl":"http:\/\/turismonilay.com\/LUZ\/wp-content\/uploads\/2025\/04\/DSCN1252-scaled.jpg","datePublished":"2025-03-07T11:49:59+00:00","dateModified":"2025-10-19T15:28:47+00:00","description":"\u00bfSientes que tu imagen ya no refleja qui\u00e9n eres hoy? \u00bfTe gustar\u00eda verte y sentirte aut\u00e9ntica, segura y radiante?","breadcrumb":{"@id":"https:\/\/turismonilay.com\/LUZ\/#breadcrumb"},"inLanguage":"es","potentialAction":[{"@type":"ReadAction","target":["https:\/\/turismonilay.com\/LUZ\/"]}]},{"@type":"ImageObject","inLanguage":"es","@id":"https:\/\/turismonilay.com\/LUZ\/#primaryimage","url":"http:\/\/turismonilay.com\/LUZ\/wp-content\/uploads\/2025\/04\/DSCN1252-scaled.jpg","contentUrl":"http:\/\/turismonilay.com\/LUZ\/wp-content\/uploads\/2025\/04\/DSCN1252-scaled.jpg"},{"@type":"BreadcrumbList","@id":"https:\/\/turismonilay.com\/LUZ\/#breadcrumb","itemListElement":[{"@type":"ListItem","position":1,"name":"Portada","item":"https:\/\/turismonilay.com\/LUZ\/"},{"@type":"ListItem","position":2,"name":"Inicio"}]},{"@type":"WebSite","@id":"https:\/\/turismonilay.com\/LUZ\/#website","url":"https:\/\/turismonilay.com\/LUZ\/","name":"Luz Goia","description":"","publisher":{"@id":"https:\/\/turismonilay.com\/LUZ\/#organization"},"potentialAction":[{"@type":"SearchAction","target":{"@type":"EntryPoint","urlTemplate":"https:\/\/turismonilay.com\/LUZ\/?s={search_term_string}"},"query-input":{"@type":"PropertyValueSpecification","valueRequired":true,"valueName":"search_term_string"}}],"inLanguage":"es"},{"@type":"Organization","@id":"https:\/\/turismonilay.com\/LUZ\/#organization","name":"Luz Goia","url":"https:\/\/turismonilay.com\/LUZ\/","logo":{"@type":"ImageObject","inLanguage":"es","@id":"https:\/\/turismonilay.com\/LUZ\/#\/schema\/logo\/image\/","url":"https:\/\/turismonilay.com\/LUZ\/wp-content\/uploads\/2025\/04\/logo-prov-blanco.png","contentUrl":"https:\/\/turismonilay.com\/LUZ\/wp-content\/uploads\/2025\/04\/logo-prov-blanco.png","width":1080,"height":253,"caption":"Luz Goia"},"image":{"@id":"https:\/\/turismonilay.com\/LUZ\/#\/schema\/logo\/image\/"}}]}},"_links":{"self":[{"href":"https:\/\/turismonilay.com\/LUZ\/wp-json\/wp\/v2\/pages\/38","targetHints":{"allow":["GET"]}}],"collection":[{"href":"https:\/\/turismonilay.com\/LUZ\/wp-json\/wp\/v2\/pages"}],"about":[{"href":"https:\/\/turismonilay.com\/LUZ\/wp-json\/wp\/v2\/types\/page"}],"author":[{"embeddable":true,"href":"https:\/\/turismonilay.com\/LUZ\/wp-json\/wp\/v2\/users\/1"}],"replies":[{"embeddable":true,"href":"https:\/\/turismonilay.com\/LUZ\/wp-json\/wp\/v2\/comments?post=38"}],"version-history":[{"count":130,"href":"https:\/\/turismonilay.com\/LUZ\/wp-json\/wp\/v2\/pages\/38\/revisions"}],"predecessor-version":[{"id":668,"href":"https:\/\/turismonilay.com\/LUZ\/wp-json\/wp\/v2\/pages\/38\/revisions\/668"}],"wp:attachment":[{"href":"https:\/\/turismonilay.com\/LUZ\/wp-json\/wp\/v2\/media?parent=38"}],"curies":[{"name":"wp","href":"https:\/\/api.w.org\/{rel}","templated":true}]}}