{"id":42,"date":"2025-03-07T11:50:30","date_gmt":"2025-03-07T11:50:30","guid":{"rendered":"https:\/\/luzgoia.com\/?page_id=42"},"modified":"2025-04-23T13:24:18","modified_gmt":"2025-04-23T13:24:18","slug":"coach-de-imagen","status":"publish","type":"page","link":"https:\/\/turismonilay.com\/LUZ\/coach-de-imagen\/","title":{"rendered":"Sobre m\u00ed"},"content":{"rendered":"\t\t<div data-elementor-type=\"wp-page\" data-elementor-id=\"42\" class=\"elementor elementor-42\" data-elementor-post-type=\"page\">\n\t\t\t\t<div class=\"elementor-element elementor-element-fd50a67 e-flex e-con-boxed e-con e-parent\" data-id=\"fd50a67\" data-element_type=\"container\" data-settings=\"{&quot;background_background&quot;:&quot;classic&quot;}\">\n\t\t\t\t\t<div class=\"e-con-inner\">\n\t\t<div class=\"elementor-element elementor-element-f315117 e-con-full e-flex e-con e-child\" data-id=\"f315117\" data-element_type=\"container\">\n\t\t\t\t<div class=\"elementor-element elementor-element-f98079e elementor-widget elementor-widget-heading\" data-id=\"f98079e\" data-element_type=\"widget\" data-widget_type=\"heading.default\">\n\t\t\t\t<div class=\"elementor-widget-container\">\n\t\t\t\t\t<h1 class=\"elementor-heading-title elementor-size-default\">Luz Goia<\/h1>\t\t\t\t<\/div>\n\t\t\t\t<\/div>\n\t\t\t\t<div class=\"elementor-element elementor-element-be49ece elementor-widget elementor-widget-heading\" data-id=\"be49ece\" data-element_type=\"widget\" data-widget_type=\"heading.default\">\n\t\t\t\t<div class=\"elementor-widget-container\">\n\t\t\t\t\t<div class=\"elementor-heading-title elementor-size-default\">Coach de Imagen Personal<\/div>\t\t\t\t<\/div>\n\t\t\t\t<\/div>\n\t\t\t\t<div class=\"elementor-element elementor-element-a33e835 elementor-widget elementor-widget-text-editor\" data-id=\"a33e835\" data-element_type=\"widget\" data-widget_type=\"text-editor.default\">\n\t\t\t\t<div class=\"elementor-widget-container\">\n\t\t\t\t\t\t\t\t\t<p class=\"western\">\u201cDescubre tu luz, potencia tu esencia y brilla con confianza.\u201d<\/p>\t\t\t\t\t\t\t\t<\/div>\n\t\t\t\t<\/div>\n\t\t\t\t<\/div>\n\t\t<div class=\"elementor-element elementor-element-ba1090a e-con-full e-flex e-con e-child\" data-id=\"ba1090a\" data-element_type=\"container\" data-settings=\"{&quot;background_background&quot;:&quot;classic&quot;}\">\n\t\t\t\t<div class=\"elementor-element elementor-element-04d7cfe elementor-widget elementor-widget-spacer\" data-id=\"04d7cfe\" data-element_type=\"widget\" data-widget_type=\"spacer.default\">\n\t\t\t\t<div class=\"elementor-widget-container\">\n\t\t\t\t\t\t\t<div class=\"elementor-spacer\">\n\t\t\t<div class=\"elementor-spacer-inner\"><\/div>\n\t\t<\/div>\n\t\t\t\t\t\t<\/div>\n\t\t\t\t<\/div>\n\t\t\t\t<\/div>\n\t\t<div class=\"elementor-element elementor-element-9cd4690 e-con-full e-flex e-con e-child\" data-id=\"9cd4690\" data-element_type=\"container\" data-settings=\"{&quot;background_background&quot;:&quot;classic&quot;}\">\n\t\t\t\t<div class=\"elementor-element elementor-element-780ec7f elementor-widget elementor-widget-spacer\" data-id=\"780ec7f\" data-element_type=\"widget\" data-widget_type=\"spacer.default\">\n\t\t\t\t<div class=\"elementor-widget-container\">\n\t\t\t\t\t\t\t<div class=\"elementor-spacer\">\n\t\t\t<div class=\"elementor-spacer-inner\"><\/div>\n\t\t<\/div>\n\t\t\t\t\t\t<\/div>\n\t\t\t\t<\/div>\n\t\t\t\t<\/div>\n\t\t\t\t\t<\/div>\n\t\t\t\t<\/div>\n\t\t<div class=\"elementor-element elementor-element-348d191 e-flex e-con-boxed e-con e-parent\" data-id=\"348d191\" data-element_type=\"container\">\n\t\t\t\t\t<div class=\"e-con-inner\">\n\t\t<div class=\"elementor-element elementor-element-36b1de9 e-con-full e-flex e-con e-child\" data-id=\"36b1de9\" data-element_type=\"container\">\n\t\t\t\t<div class=\"elementor-element elementor-element-e8643ef elementor-widget elementor-widget-image\" data-id=\"e8643ef\" data-element_type=\"widget\" data-widget_type=\"image.default\">\n\t\t\t\t<div class=\"elementor-widget-container\">\n\t\t\t\t\t\t\t\t\t\t\t\t\t\t\t<img decoding=\"async\" src=\"https:\/\/turismonilay.com\/LUZ\/wp-content\/uploads\/elementor\/thumbs\/DSCN12281-scaled-rld9oguvhsad5ymapbfmu6dmigu3swqpoj2h8cfmuo.jpg\" title=\"DSCN12281\" alt=\"DSCN12281\" loading=\"lazy\" \/>\t\t\t\t\t\t\t\t\t\t\t\t\t\t\t<\/div>\n\t\t\t\t<\/div>\n\t\t\t\t<\/div>\n\t\t<div class=\"elementor-element elementor-element-a8a2235 e-con-full e-flex e-con e-child\" data-id=\"a8a2235\" data-element_type=\"container\">\n\t\t\t\t<div class=\"elementor-element elementor-element-d0257f7 elementor-widget elementor-widget-heading\" data-id=\"d0257f7\" data-element_type=\"widget\" data-widget_type=\"heading.default\">\n\t\t\t\t<div class=\"elementor-widget-container\">\n\t\t\t\t\t<h2 class=\"elementor-heading-title elementor-size-default\">\u00a1Hola! Soy Luz Goia,<\/h2>\t\t\t\t<\/div>\n\t\t\t\t<\/div>\n\t\t\t\t<div class=\"elementor-element elementor-element-aeb1283 elementor-widget elementor-widget-text-editor\" data-id=\"aeb1283\" data-element_type=\"widget\" data-widget_type=\"text-editor.default\">\n\t\t\t\t<div class=\"elementor-widget-container\">\n\t\t\t\t\t\t\t\t\t<p class=\"western\">Coach de imagen personal, y estoy aqu\u00ed para acompa\u00f1arte en el hermoso proceso de recobrar tu confianza y descubrir la mejor versi\u00f3n de ti misma.<\/p><p class=\"western\">Mi prop\u00f3sito es ayudarte a resaltar tu esencia y potenciar aquello que te hace \u00fanica, utilizando tu imagen como una herramienta de autoconocimiento y transformaci\u00f3n.<\/p><p class=\"western\">Siempre he cre\u00eddo que amarnos y aceptarnos es el mayor regalo que podemos hacernos. La transformaci\u00f3n personal es un abrazo para el alma, y quiero ser parte de ese camino contigo, trabajando siempre desde el amor y la autenticidad.<\/p><p class=\"western\">Ver el cambio en cada persona es como presenciar una estrella fugaz: un destello de luz que deja huella al pasar.<\/p>\t\t\t\t\t\t\t\t<\/div>\n\t\t\t\t<\/div>\n\t\t\t\t<div class=\"elementor-element elementor-element-c60c177 elementor-align-left elementor-widget elementor-widget-button\" data-id=\"c60c177\" data-element_type=\"widget\" data-widget_type=\"button.default\">\n\t\t\t\t<div class=\"elementor-widget-container\">\n\t\t\t\t\t\t\t\t\t<div class=\"elementor-button-wrapper\">\n\t\t\t\t\t<a class=\"elementor-button elementor-button-link elementor-size-sm\" href=\"https:\/\/wa.me\/34691594713\" target=\"_blank\" rel=\"nofollow\">\n\t\t\t\t\t\t<span class=\"elementor-button-content-wrapper\">\n\t\t\t\t\t\t\t\t\t<span class=\"elementor-button-text\">Quiero trabajar contigo<\/span>\n\t\t\t\t\t<\/span>\n\t\t\t\t\t<\/a>\n\t\t\t\t<\/div>\n\t\t\t\t\t\t\t\t<\/div>\n\t\t\t\t<\/div>\n\t\t\t\t<\/div>\n\t\t\t\t\t<\/div>\n\t\t\t\t<\/div>\n\t\t<div class=\"elementor-element elementor-element-b66e2e5 e-flex e-con-boxed e-con e-parent\" data-id=\"b66e2e5\" data-element_type=\"container\" data-settings=\"{&quot;background_background&quot;:&quot;classic&quot;}\">\n\t\t\t\t\t<div class=\"e-con-inner\">\n\t\t<div class=\"elementor-element elementor-element-236d6a66 e-con-full e-flex e-con e-child\" data-id=\"236d6a66\" data-element_type=\"container\">\n\t\t\t\t<div class=\"elementor-element elementor-element-ee34656 elementor-widget elementor-widget-heading\" data-id=\"ee34656\" data-element_type=\"widget\" data-widget_type=\"heading.default\">\n\t\t\t\t<div class=\"elementor-widget-container\">\n\t\t\t\t\t<div class=\"elementor-heading-title elementor-size-default\">Mi mayor motivaci\u00f3n es generar un impacto positivo en la autoestima y la imagen personal de cada persona que acompa\u00f1o.<\/div>\t\t\t\t<\/div>\n\t\t\t\t<\/div>\n\t\t\t\t<\/div>\n\t\t<div class=\"elementor-element elementor-element-4192ccbc e-con-full e-flex e-con e-child\" data-id=\"4192ccbc\" data-element_type=\"container\">\n\t\t\t\t<div class=\"elementor-element elementor-element-2270fa43 elementor-widget elementor-widget-text-editor\" data-id=\"2270fa43\" data-element_type=\"widget\" data-widget_type=\"text-editor.default\">\n\t\t\t\t<div class=\"elementor-widget-container\">\n\t\t\t\t\t\t\t\t\t<p class=\"western\">Sin duda, lo que m\u00e1s me llena es ver la expresi\u00f3n iluminada de mis clientes al final del proceso, cuando se reconocen y se sienten reflejados en su propia esencia. Mi objetivo es potenciar todo aquello que representa tu interior, resaltando tus cualidades \u00fanicas e irrepetibles en un mundo en constante cambio y evoluci\u00f3n.<\/p>\t\t\t\t\t\t\t\t<\/div>\n\t\t\t\t<\/div>\n\t\t\t\t<\/div>\n\t\t\t\t\t<\/div>\n\t\t\t\t<\/div>\n\t\t<div class=\"elementor-element elementor-element-4e658901 e-flex e-con-boxed e-con e-parent\" data-id=\"4e658901\" data-element_type=\"container\">\n\t\t\t\t\t<div class=\"e-con-inner\">\n\t\t<div class=\"elementor-element elementor-element-2be58ff5 e-con-full e-flex e-con e-child\" data-id=\"2be58ff5\" data-element_type=\"container\">\n\t\t\t\t<div class=\"elementor-element elementor-element-68f6412c elementor-widget elementor-widget-image\" data-id=\"68f6412c\" data-element_type=\"widget\" data-widget_type=\"image.default\">\n\t\t\t\t<div class=\"elementor-widget-container\">\n\t\t\t\t\t\t\t\t\t\t\t\t\t\t\t<img fetchpriority=\"high\" decoding=\"async\" width=\"640\" height=\"886\" src=\"https:\/\/turismonilay.com\/LUZ\/wp-content\/uploads\/2025\/04\/cafe.jpg\" class=\"attachment-large size-large wp-image-218\" alt=\"\" srcset=\"https:\/\/turismonilay.com\/LUZ\/wp-content\/uploads\/2025\/04\/cafe.jpg 640w, https:\/\/turismonilay.com\/LUZ\/wp-content\/uploads\/2025\/04\/cafe-217x300.jpg 217w\" sizes=\"(max-width: 640px) 100vw, 640px\" \/>\t\t\t\t\t\t\t\t\t\t\t\t\t\t\t<\/div>\n\t\t\t\t<\/div>\n\t\t\t\t<\/div>\n\t\t<div class=\"elementor-element elementor-element-b398a59 e-con-full e-flex e-con e-child\" data-id=\"b398a59\" data-element_type=\"container\">\n\t\t<div class=\"elementor-element elementor-element-281eedd5 e-con-full e-flex e-con e-child\" data-id=\"281eedd5\" data-element_type=\"container\">\n\t\t<div class=\"elementor-element elementor-element-63ffc15f e-con-full e-flex e-con e-child\" data-id=\"63ffc15f\" data-element_type=\"container\">\n\t\t\t\t<div class=\"elementor-element elementor-element-1ba3846c elementor-widget elementor-widget-image\" data-id=\"1ba3846c\" data-element_type=\"widget\" data-widget_type=\"image.default\">\n\t\t\t\t<div class=\"elementor-widget-container\">\n\t\t\t\t\t\t\t\t\t\t\t\t\t\t\t<img decoding=\"async\" width=\"640\" height=\"960\" src=\"https:\/\/turismonilay.com\/LUZ\/wp-content\/uploads\/2025\/04\/armario1.jpg\" class=\"attachment-medium_large size-medium_large wp-image-216\" alt=\"\" srcset=\"https:\/\/turismonilay.com\/LUZ\/wp-content\/uploads\/2025\/04\/armario1.jpg 640w, https:\/\/turismonilay.com\/LUZ\/wp-content\/uploads\/2025\/04\/armario1-200x300.jpg 200w\" sizes=\"(max-width: 640px) 100vw, 640px\" \/>\t\t\t\t\t\t\t\t\t\t\t\t\t\t\t<\/div>\n\t\t\t\t<\/div>\n\t\t\t\t<\/div>\n\t\t<div class=\"elementor-element elementor-element-d2ef7d1 e-con-full e-flex e-con e-child\" data-id=\"d2ef7d1\" data-element_type=\"container\">\n\t\t\t\t<div class=\"elementor-element elementor-element-ddb0428 elementor-widget elementor-widget-heading\" data-id=\"ddb0428\" data-element_type=\"widget\" data-widget_type=\"heading.default\">\n\t\t\t\t<div class=\"elementor-widget-container\">\n\t\t\t\t\t<div class=\"elementor-heading-title elementor-size-default\">Creo en el poder de la imagen personal como una herramienta para transformar vidas. Mi objetivo es acompa\u00f1arte en tu desarrollo personal y profesional, ayud\u00e1ndote a construir una imagen aut\u00e9ntica que refleje tus emociones esencia.<\/div>\t\t\t\t<\/div>\n\t\t\t\t<\/div>\n\t\t\t\t<div class=\"elementor-element elementor-element-52e57b4a elementor-widget elementor-widget-text-editor\" data-id=\"52e57b4a\" data-element_type=\"widget\" data-widget_type=\"text-editor.default\">\n\t\t\t\t<div class=\"elementor-widget-container\">\n\t\t\t\t\t\t\t\t\t<p class=\"western\">\u00a0Juntas, trabajaremos para que tu imagen refleje tu verdadera identidad y te ayude a dejar una huella positiva en cada lugar que visites.<\/p>\t\t\t\t\t\t\t\t<\/div>\n\t\t\t\t<\/div>\n\t\t\t\t<\/div>\n\t\t\t\t<\/div>\n\t\t\t\t<\/div>\n\t\t\t\t\t<\/div>\n\t\t\t\t<\/div>\n\t\t<div class=\"elementor-element elementor-element-1c1e6a2 e-flex e-con-boxed e-con e-parent\" data-id=\"1c1e6a2\" data-element_type=\"container\" data-settings=\"{&quot;background_background&quot;:&quot;classic&quot;}\">\n\t\t\t\t\t<div class=\"e-con-inner\">\n\t\t\t\t<div class=\"elementor-element elementor-element-c265b65 elementor-widget elementor-widget-heading\" data-id=\"c265b65\" data-element_type=\"widget\" data-widget_type=\"heading.default\">\n\t\t\t\t<div class=\"elementor-widget-container\">\n\t\t\t\t\t<h2 class=\"elementor-heading-title elementor-size-default\">\u00bfLista para brillar?<\/h2>\t\t\t\t<\/div>\n\t\t\t\t<\/div>\n\t\t\t\t<div class=\"elementor-element elementor-element-c418803 elementor-widget elementor-widget-text-editor\" data-id=\"c418803\" data-element_type=\"widget\" data-widget_type=\"text-editor.default\">\n\t\t\t\t<div class=\"elementor-widget-container\">\n\t\t\t\t\t\t\t\t\t<p class=\"western\">Te acompa\u00f1o en cada paso para que tu imagen sea el reflejo m\u00e1s aut\u00e9ntico de tu ser.<br \/><strong>Agenda tu primera sesi\u00f3n y comienza tu transformaci\u00f3n.<\/strong><\/p>\t\t\t\t\t\t\t\t<\/div>\n\t\t\t\t<\/div>\n\t\t\t\t<div class=\"elementor-element elementor-element-336cd06 elementor-align-center elementor-widget elementor-widget-button\" data-id=\"336cd06\" data-element_type=\"widget\" data-widget_type=\"button.default\">\n\t\t\t\t<div class=\"elementor-widget-container\">\n\t\t\t\t\t\t\t\t\t<div class=\"elementor-button-wrapper\">\n\t\t\t\t\t<a class=\"elementor-button elementor-button-link elementor-size-sm\" href=\"https:\/\/wa.me\/34691594713\" target=\"_blank\" rel=\"nofollow\">\n\t\t\t\t\t\t<span class=\"elementor-button-content-wrapper\">\n\t\t\t\t\t\t\t\t\t<span class=\"elementor-button-text\">\u00bf Hablamos ?<\/span>\n\t\t\t\t\t<\/span>\n\t\t\t\t\t<\/a>\n\t\t\t\t<\/div>\n\t\t\t\t\t\t\t\t<\/div>\n\t\t\t\t<\/div>\n\t\t\t\t\t<\/div>\n\t\t\t\t<\/div>\n\t\t\t\t<\/div>\n\t\t","protected":false},"excerpt":{"rendered":"<p>Luz Goia Coach de Imagen Personal \u201cDescubre tu luz, potencia tu esencia y brilla con confianza.\u201d \u00a1Hola! Soy Luz Goia, Coach de imagen personal, y estoy aqu\u00ed para acompa\u00f1arte en el hermoso proceso de recobrar tu confianza y descubrir la mejor versi\u00f3n de ti misma. Mi prop\u00f3sito es ayudarte a resaltar tu esencia y potenciar [&hellip;]<\/p>\n","protected":false},"author":1,"featured_media":0,"parent":0,"menu_order":0,"comment_status":"closed","ping_status":"closed","template":"elementor_header_footer","meta":{"_joinchat":[],"footnotes":""},"class_list":["post-42","page","type-page","status-publish","hentry"],"yoast_head":"<!-- This site is optimized with the Yoast SEO plugin v26.1.1 - https:\/\/yoast.com\/wordpress\/plugins\/seo\/ -->\n<title>Luz Goia - Coach de Imagen<\/title>\n<meta name=\"description\" content=\"Estoy aqu\u00ed para acompa\u00f1arte en el hermoso proceso de recobrar tu confianza y descubrir la mejor versi\u00f3n de ti misma.\" \/>\n<meta name=\"robots\" content=\"index, follow, max-snippet:-1, max-image-preview:large, max-video-preview:-1\" \/>\n<link rel=\"canonical\" href=\"https:\/\/turismonilay.com\/LUZ\/coach-de-imagen\/\" \/>\n<meta property=\"og:locale\" content=\"es_ES\" \/>\n<meta property=\"og:type\" content=\"article\" \/>\n<meta property=\"og:title\" content=\"Luz Goia - Coach de Imagen\" \/>\n<meta property=\"og:description\" content=\"Estoy aqu\u00ed para acompa\u00f1arte en el hermoso proceso de recobrar tu confianza y descubrir la mejor versi\u00f3n de ti misma.\" \/>\n<meta property=\"og:url\" content=\"https:\/\/turismonilay.com\/LUZ\/coach-de-imagen\/\" \/>\n<meta property=\"og:site_name\" content=\"Luz Goia\" \/>\n<meta property=\"article:modified_time\" content=\"2025-04-23T13:24:18+00:00\" \/>\n<meta property=\"og:image\" content=\"http:\/\/turismonilay.com\/LUZ\/wp-content\/uploads\/elementor\/thumbs\/DSCN12281-scaled-r4os1gq2ev8ji4dsiyekt2i75q41cpq0aw70wd8cc0.jpg\" \/>\n<meta name=\"twitter:card\" content=\"summary_large_image\" \/>\n<meta name=\"twitter:label1\" content=\"Tiempo de lectura\" \/>\n\t<meta name=\"twitter:data1\" content=\"2 minutos\" \/>\n<script type=\"application\/ld+json\" class=\"yoast-schema-graph\">{\"@context\":\"https:\/\/schema.org\",\"@graph\":[{\"@type\":\"WebPage\",\"@id\":\"https:\/\/turismonilay.com\/LUZ\/coach-de-imagen\/\",\"url\":\"https:\/\/turismonilay.com\/LUZ\/coach-de-imagen\/\",\"name\":\"Luz Goia - Coach de Imagen\",\"isPartOf\":{\"@id\":\"https:\/\/turismonilay.com\/LUZ\/#website\"},\"primaryImageOfPage\":{\"@id\":\"https:\/\/turismonilay.com\/LUZ\/coach-de-imagen\/#primaryimage\"},\"image\":{\"@id\":\"https:\/\/turismonilay.com\/LUZ\/coach-de-imagen\/#primaryimage\"},\"thumbnailUrl\":\"http:\/\/turismonilay.com\/LUZ\/wp-content\/uploads\/elementor\/thumbs\/DSCN12281-scaled-r4os1gq2ev8ji4dsiyekt2i75q41cpq0aw70wd8cc0.jpg\",\"datePublished\":\"2025-03-07T11:50:30+00:00\",\"dateModified\":\"2025-04-23T13:24:18+00:00\",\"description\":\"Estoy aqu\u00ed para acompa\u00f1arte en el hermoso proceso de recobrar tu confianza y descubrir la mejor versi\u00f3n de ti misma.\",\"breadcrumb\":{\"@id\":\"https:\/\/turismonilay.com\/LUZ\/coach-de-imagen\/#breadcrumb\"},\"inLanguage\":\"es\",\"potentialAction\":[{\"@type\":\"ReadAction\",\"target\":[\"https:\/\/turismonilay.com\/LUZ\/coach-de-imagen\/\"]}]},{\"@type\":\"ImageObject\",\"inLanguage\":\"es\",\"@id\":\"https:\/\/turismonilay.com\/LUZ\/coach-de-imagen\/#primaryimage\",\"url\":\"http:\/\/turismonilay.com\/LUZ\/wp-content\/uploads\/elementor\/thumbs\/DSCN12281-scaled-r4os1gq2ev8ji4dsiyekt2i75q41cpq0aw70wd8cc0.jpg\",\"contentUrl\":\"http:\/\/turismonilay.com\/LUZ\/wp-content\/uploads\/elementor\/thumbs\/DSCN12281-scaled-r4os1gq2ev8ji4dsiyekt2i75q41cpq0aw70wd8cc0.jpg\"},{\"@type\":\"BreadcrumbList\",\"@id\":\"https:\/\/turismonilay.com\/LUZ\/coach-de-imagen\/#breadcrumb\",\"itemListElement\":[{\"@type\":\"ListItem\",\"position\":1,\"name\":\"Portada\",\"item\":\"https:\/\/turismonilay.com\/LUZ\/\"},{\"@type\":\"ListItem\",\"position\":2,\"name\":\"Sobre m\u00ed\"}]},{\"@type\":\"WebSite\",\"@id\":\"https:\/\/turismonilay.com\/LUZ\/#website\",\"url\":\"https:\/\/turismonilay.com\/LUZ\/\",\"name\":\"Luz Goia\",\"description\":\"\",\"publisher\":{\"@id\":\"https:\/\/turismonilay.com\/LUZ\/#organization\"},\"potentialAction\":[{\"@type\":\"SearchAction\",\"target\":{\"@type\":\"EntryPoint\",\"urlTemplate\":\"https:\/\/turismonilay.com\/LUZ\/?s={search_term_string}\"},\"query-input\":{\"@type\":\"PropertyValueSpecification\",\"valueRequired\":true,\"valueName\":\"search_term_string\"}}],\"inLanguage\":\"es\"},{\"@type\":\"Organization\",\"@id\":\"https:\/\/turismonilay.com\/LUZ\/#organization\",\"name\":\"Luz Goia\",\"url\":\"https:\/\/turismonilay.com\/LUZ\/\",\"logo\":{\"@type\":\"ImageObject\",\"inLanguage\":\"es\",\"@id\":\"https:\/\/turismonilay.com\/LUZ\/#\/schema\/logo\/image\/\",\"url\":\"https:\/\/turismonilay.com\/LUZ\/wp-content\/uploads\/2025\/04\/logo-prov-blanco.png\",\"contentUrl\":\"https:\/\/turismonilay.com\/LUZ\/wp-content\/uploads\/2025\/04\/logo-prov-blanco.png\",\"width\":1080,\"height\":253,\"caption\":\"Luz Goia\"},\"image\":{\"@id\":\"https:\/\/turismonilay.com\/LUZ\/#\/schema\/logo\/image\/\"}}]}<\/script>\n<!-- \/ Yoast SEO plugin. -->","yoast_head_json":{"title":"Luz Goia - Coach de Imagen","description":"Estoy aqu\u00ed para acompa\u00f1arte en el hermoso proceso de recobrar tu confianza y descubrir la mejor versi\u00f3n de ti misma.","robots":{"index":"index","follow":"follow","max-snippet":"max-snippet:-1","max-image-preview":"max-image-preview:large","max-video-preview":"max-video-preview:-1"},"canonical":"https:\/\/turismonilay.com\/LUZ\/coach-de-imagen\/","og_locale":"es_ES","og_type":"article","og_title":"Luz Goia - Coach de Imagen","og_description":"Estoy aqu\u00ed para acompa\u00f1arte en el hermoso proceso de recobrar tu confianza y descubrir la mejor versi\u00f3n de ti misma.","og_url":"https:\/\/turismonilay.com\/LUZ\/coach-de-imagen\/","og_site_name":"Luz Goia","article_modified_time":"2025-04-23T13:24:18+00:00","og_image":[{"url":"http:\/\/turismonilay.com\/LUZ\/wp-content\/uploads\/elementor\/thumbs\/DSCN12281-scaled-r4os1gq2ev8ji4dsiyekt2i75q41cpq0aw70wd8cc0.jpg","type":"","width":"","height":""}],"twitter_card":"summary_large_image","twitter_misc":{"Tiempo de lectura":"2 minutos"},"schema":{"@context":"https:\/\/schema.org","@graph":[{"@type":"WebPage","@id":"https:\/\/turismonilay.com\/LUZ\/coach-de-imagen\/","url":"https:\/\/turismonilay.com\/LUZ\/coach-de-imagen\/","name":"Luz Goia - Coach de Imagen","isPartOf":{"@id":"https:\/\/turismonilay.com\/LUZ\/#website"},"primaryImageOfPage":{"@id":"https:\/\/turismonilay.com\/LUZ\/coach-de-imagen\/#primaryimage"},"image":{"@id":"https:\/\/turismonilay.com\/LUZ\/coach-de-imagen\/#primaryimage"},"thumbnailUrl":"http:\/\/turismonilay.com\/LUZ\/wp-content\/uploads\/elementor\/thumbs\/DSCN12281-scaled-r4os1gq2ev8ji4dsiyekt2i75q41cpq0aw70wd8cc0.jpg","datePublished":"2025-03-07T11:50:30+00:00","dateModified":"2025-04-23T13:24:18+00:00","description":"Estoy aqu\u00ed para acompa\u00f1arte en el hermoso proceso de recobrar tu confianza y descubrir la mejor versi\u00f3n de ti misma.","breadcrumb":{"@id":"https:\/\/turismonilay.com\/LUZ\/coach-de-imagen\/#breadcrumb"},"inLanguage":"es","potentialAction":[{"@type":"ReadAction","target":["https:\/\/turismonilay.com\/LUZ\/coach-de-imagen\/"]}]},{"@type":"ImageObject","inLanguage":"es","@id":"https:\/\/turismonilay.com\/LUZ\/coach-de-imagen\/#primaryimage","url":"http:\/\/turismonilay.com\/LUZ\/wp-content\/uploads\/elementor\/thumbs\/DSCN12281-scaled-r4os1gq2ev8ji4dsiyekt2i75q41cpq0aw70wd8cc0.jpg","contentUrl":"http:\/\/turismonilay.com\/LUZ\/wp-content\/uploads\/elementor\/thumbs\/DSCN12281-scaled-r4os1gq2ev8ji4dsiyekt2i75q41cpq0aw70wd8cc0.jpg"},{"@type":"BreadcrumbList","@id":"https:\/\/turismonilay.com\/LUZ\/coach-de-imagen\/#breadcrumb","itemListElement":[{"@type":"ListItem","position":1,"name":"Portada","item":"https:\/\/turismonilay.com\/LUZ\/"},{"@type":"ListItem","position":2,"name":"Sobre m\u00ed"}]},{"@type":"WebSite","@id":"https:\/\/turismonilay.com\/LUZ\/#website","url":"https:\/\/turismonilay.com\/LUZ\/","name":"Luz Goia","description":"","publisher":{"@id":"https:\/\/turismonilay.com\/LUZ\/#organization"},"potentialAction":[{"@type":"SearchAction","target":{"@type":"EntryPoint","urlTemplate":"https:\/\/turismonilay.com\/LUZ\/?s={search_term_string}"},"query-input":{"@type":"PropertyValueSpecification","valueRequired":true,"valueName":"search_term_string"}}],"inLanguage":"es"},{"@type":"Organization","@id":"https:\/\/turismonilay.com\/LUZ\/#organization","name":"Luz Goia","url":"https:\/\/turismonilay.com\/LUZ\/","logo":{"@type":"ImageObject","inLanguage":"es","@id":"https:\/\/turismonilay.com\/LUZ\/#\/schema\/logo\/image\/","url":"https:\/\/turismonilay.com\/LUZ\/wp-content\/uploads\/2025\/04\/logo-prov-blanco.png","contentUrl":"https:\/\/turismonilay.com\/LUZ\/wp-content\/uploads\/2025\/04\/logo-prov-blanco.png","width":1080,"height":253,"caption":"Luz Goia"},"image":{"@id":"https:\/\/turismonilay.com\/LUZ\/#\/schema\/logo\/image\/"}}]}},"_links":{"self":[{"href":"https:\/\/turismonilay.com\/LUZ\/wp-json\/wp\/v2\/pages\/42","targetHints":{"allow":["GET"]}}],"collection":[{"href":"https:\/\/turismonilay.com\/LUZ\/wp-json\/wp\/v2\/pages"}],"about":[{"href":"https:\/\/turismonilay.com\/LUZ\/wp-json\/wp\/v2\/types\/page"}],"author":[{"embeddable":true,"href":"https:\/\/turismonilay.com\/LUZ\/wp-json\/wp\/v2\/users\/1"}],"replies":[{"embeddable":true,"href":"https:\/\/turismonilay.com\/LUZ\/wp-json\/wp\/v2\/comments?post=42"}],"version-history":[{"count":50,"href":"https:\/\/turismonilay.com\/LUZ\/wp-json\/wp\/v2\/pages\/42\/revisions"}],"predecessor-version":[{"id":578,"href":"https:\/\/turismonilay.com\/LUZ\/wp-json\/wp\/v2\/pages\/42\/revisions\/578"}],"wp:attachment":[{"href":"https:\/\/turismonilay.com\/LUZ\/wp-json\/wp\/v2\/media?parent=42"}],"curies":[{"name":"wp","href":"https:\/\/api.w.org\/{rel}","templated":true}]}}