{"id":44,"date":"2025-03-07T11:51:22","date_gmt":"2025-03-07T11:51:22","guid":{"rendered":"https:\/\/luzgoia.com\/?page_id=44"},"modified":"2025-04-23T14:29:29","modified_gmt":"2025-04-23T14:29:29","slug":"contacto","status":"publish","type":"page","link":"https:\/\/turismonilay.com\/LUZ\/contacto\/","title":{"rendered":"Contacto"},"content":{"rendered":"\t\t<div data-elementor-type=\"wp-page\" data-elementor-id=\"44\" class=\"elementor elementor-44\" data-elementor-post-type=\"page\">\n\t\t\t\t<div class=\"elementor-element elementor-element-9292ae3 e-flex e-con-boxed e-con e-parent\" data-id=\"9292ae3\" data-element_type=\"container\" data-settings=\"{&quot;background_background&quot;:&quot;classic&quot;}\">\n\t\t\t\t\t<div class=\"e-con-inner\">\n\t\t<div class=\"elementor-element elementor-element-5e722fa e-flex e-con-boxed e-con e-child\" data-id=\"5e722fa\" data-element_type=\"container\" data-settings=\"{&quot;background_background&quot;:&quot;classic&quot;}\">\n\t\t\t\t\t<div class=\"e-con-inner\">\n\t\t<div class=\"elementor-element elementor-element-7aacb76 e-con-full e-flex e-con e-child\" data-id=\"7aacb76\" data-element_type=\"container\" data-settings=\"{&quot;background_background&quot;:&quot;classic&quot;}\">\n\t\t\t\t<div class=\"elementor-element elementor-element-4fdaead elementor-widget elementor-widget-heading\" data-id=\"4fdaead\" data-element_type=\"widget\" data-widget_type=\"heading.default\">\n\t\t\t\t<div class=\"elementor-widget-container\">\n\t\t\t\t\t<h1 class=\"elementor-heading-title elementor-size-default\">\u00a1Hablemos!<\/h1>\t\t\t\t<\/div>\n\t\t\t\t<\/div>\n\t\t\t\t<div class=\"elementor-element elementor-element-22e7ee2 elementor-widget elementor-widget-text-editor\" data-id=\"22e7ee2\" data-element_type=\"widget\" data-widget_type=\"text-editor.default\">\n\t\t\t\t<div class=\"elementor-widget-container\">\n\t\t\t\t\t\t\t\t\t<p>Estoy aqu\u00ed para acompa\u00f1arte en tu transformaci\u00f3n<\/p>\t\t\t\t\t\t\t\t<\/div>\n\t\t\t\t<\/div>\n\t\t\t\t<\/div>\n\t\t\t\t\t<\/div>\n\t\t\t\t<\/div>\n\t\t\t\t\t<\/div>\n\t\t\t\t<\/div>\n\t\t<div class=\"elementor-element elementor-element-0be2cfe e-flex e-con-boxed e-con e-parent\" data-id=\"0be2cfe\" data-element_type=\"container\">\n\t\t\t\t\t<div class=\"e-con-inner\">\n\t\t<div class=\"elementor-element elementor-element-59a85ca e-con-full e-flex elementor-invisible e-con e-child\" data-id=\"59a85ca\" data-element_type=\"container\" data-settings=\"{&quot;animation&quot;:&quot;fadeInLeft&quot;}\">\n\t\t\t\t<div class=\"elementor-element elementor-element-2fb40d2 elementor-widget elementor-widget-image\" data-id=\"2fb40d2\" data-element_type=\"widget\" data-widget_type=\"image.default\">\n\t\t\t\t<div class=\"elementor-widget-container\">\n\t\t\t\t\t\t\t\t\t\t\t\t\t\t\t<img decoding=\"async\" src=\"https:\/\/turismonilay.com\/LUZ\/wp-content\/uploads\/elementor\/thumbs\/contacto-scaled-rld9o5kt7rucu1qe73vnh5e2zzxhynir1hqtg2ddvs.jpg\" title=\"contacto\" alt=\"contacto\" loading=\"lazy\" \/>\t\t\t\t\t\t\t\t\t\t\t\t\t\t\t<\/div>\n\t\t\t\t<\/div>\n\t\t\t\t<\/div>\n\t\t<div class=\"elementor-element elementor-element-ec585c2 e-con-full e-flex elementor-invisible e-con e-child\" data-id=\"ec585c2\" data-element_type=\"container\" data-settings=\"{&quot;animation&quot;:&quot;fadeInRight&quot;}\">\n\t\t\t\t<div class=\"elementor-element elementor-element-4dd57b5 elementor-widget elementor-widget-heading\" data-id=\"4dd57b5\" data-element_type=\"widget\" data-widget_type=\"heading.default\">\n\t\t\t\t<div class=\"elementor-widget-container\">\n\t\t\t\t\t<h2 class=\"elementor-heading-title elementor-size-default\">Distintas maneras de ponerte en contacto conmigo<\/h2>\t\t\t\t<\/div>\n\t\t\t\t<\/div>\n\t\t\t\t<div class=\"elementor-element elementor-element-eceefc9 elementor-widget elementor-widget-text-editor\" data-id=\"eceefc9\" data-element_type=\"widget\" data-widget_type=\"text-editor.default\">\n\t\t\t\t<div class=\"elementor-widget-container\">\n\t\t\t\t\t\t\t\t\t<p class=\"western\">Si quieres m\u00e1s informaci\u00f3n sobre mis servicios, agendar una sesi\u00f3n o simplemente compartir tus dudas y comentarios, no dudes en contactarme. Ser\u00e1 un placer escucharte y ayudarte a descubrir tu mejor versi\u00f3n.<\/p>\t\t\t\t\t\t\t\t<\/div>\n\t\t\t\t<\/div>\n\t\t\t\t<div class=\"elementor-element elementor-element-7439465 elementor-icon-list--layout-traditional elementor-list-item-link-full_width elementor-widget elementor-widget-icon-list\" data-id=\"7439465\" data-element_type=\"widget\" data-widget_type=\"icon-list.default\">\n\t\t\t\t<div class=\"elementor-widget-container\">\n\t\t\t\t\t\t\t<ul class=\"elementor-icon-list-items\">\n\t\t\t\t\t\t\t<li class=\"elementor-icon-list-item\">\n\t\t\t\t\t\t\t\t\t\t\t<a href=\"https:\/\/wa.me\/34691594713\">\n\n\t\t\t\t\t\t\t\t\t\t\t\t<span class=\"elementor-icon-list-icon\">\n\t\t\t\t\t\t\t<svg aria-hidden=\"true\" class=\"e-font-icon-svg e-fab-whatsapp\" viewBox=\"0 0 448 512\" xmlns=\"http:\/\/www.w3.org\/2000\/svg\"><path d=\"M380.9 97.1C339 55.1 283.2 32 223.9 32c-122.4 0-222 99.6-222 222 0 39.1 10.2 77.3 29.6 111L0 480l117.7-30.9c32.4 17.7 68.9 27 106.1 27h.1c122.3 0 224.1-99.6 224.1-222 0-59.3-25.2-115-67.1-157zm-157 341.6c-33.2 0-65.7-8.9-94-25.7l-6.7-4-69.8 18.3L72 359.2l-4.4-7c-18.5-29.4-28.2-63.3-28.2-98.2 0-101.7 82.8-184.5 184.6-184.5 49.3 0 95.6 19.2 130.4 54.1 34.8 34.9 56.2 81.2 56.1 130.5 0 101.8-84.9 184.6-186.6 184.6zm101.2-138.2c-5.5-2.8-32.8-16.2-37.9-18-5.1-1.9-8.8-2.8-12.5 2.8-3.7 5.6-14.3 18-17.6 21.8-3.2 3.7-6.5 4.2-12 1.4-32.6-16.3-54-29.1-75.5-66-5.7-9.8 5.7-9.1 16.3-30.3 1.8-3.7.9-6.9-.5-9.7-1.4-2.8-12.5-30.1-17.1-41.2-4.5-10.8-9.1-9.3-12.5-9.5-3.2-.2-6.9-.2-10.6-.2-3.7 0-9.7 1.4-14.8 6.9-5.1 5.6-19.4 19-19.4 46.3 0 27.3 19.9 53.7 22.6 57.4 2.8 3.7 39.1 59.7 94.8 83.8 35.2 15.2 49 16.5 66.6 13.9 10.7-1.6 32.8-13.4 37.4-26.4 4.6-13 4.6-24.1 3.2-26.4-1.3-2.5-5-3.9-10.5-6.6z\"><\/path><\/svg>\t\t\t\t\t\t<\/span>\n\t\t\t\t\t\t\t\t\t\t<span class=\"elementor-icon-list-text\">+34691594713<\/span>\n\t\t\t\t\t\t\t\t\t\t\t<\/a>\n\t\t\t\t\t\t\t\t\t<\/li>\n\t\t\t\t\t\t\t\t<li class=\"elementor-icon-list-item\">\n\t\t\t\t\t\t\t\t\t\t\t<a href=\"tel:34691594713\">\n\n\t\t\t\t\t\t\t\t\t\t\t\t<span class=\"elementor-icon-list-icon\">\n\t\t\t\t\t\t\t<svg aria-hidden=\"true\" class=\"e-font-icon-svg e-fas-phone-alt\" viewBox=\"0 0 512 512\" xmlns=\"http:\/\/www.w3.org\/2000\/svg\"><path d=\"M497.39 361.8l-112-48a24 24 0 0 0-28 6.9l-49.6 60.6A370.66 370.66 0 0 1 130.6 204.11l60.6-49.6a23.94 23.94 0 0 0 6.9-28l-48-112A24.16 24.16 0 0 0 122.6.61l-104 24A24 24 0 0 0 0 48c0 256.5 207.9 464 464 464a24 24 0 0 0 23.4-18.6l24-104a24.29 24.29 0 0 0-14.01-27.6z\"><\/path><\/svg>\t\t\t\t\t\t<\/span>\n\t\t\t\t\t\t\t\t\t\t<span class=\"elementor-icon-list-text\">+34691594713<\/span>\n\t\t\t\t\t\t\t\t\t\t\t<\/a>\n\t\t\t\t\t\t\t\t\t<\/li>\n\t\t\t\t\t\t\t\t<li class=\"elementor-icon-list-item\">\n\t\t\t\t\t\t\t\t\t\t\t<a href=\"https:\/\/www.instagram.com\/luz.asesora.integral\">\n\n\t\t\t\t\t\t\t\t\t\t\t\t<span class=\"elementor-icon-list-icon\">\n\t\t\t\t\t\t\t<svg aria-hidden=\"true\" class=\"e-font-icon-svg e-fab-instagram\" viewBox=\"0 0 448 512\" xmlns=\"http:\/\/www.w3.org\/2000\/svg\"><path d=\"M224.1 141c-63.6 0-114.9 51.3-114.9 114.9s51.3 114.9 114.9 114.9S339 319.5 339 255.9 287.7 141 224.1 141zm0 189.6c-41.1 0-74.7-33.5-74.7-74.7s33.5-74.7 74.7-74.7 74.7 33.5 74.7 74.7-33.6 74.7-74.7 74.7zm146.4-194.3c0 14.9-12 26.8-26.8 26.8-14.9 0-26.8-12-26.8-26.8s12-26.8 26.8-26.8 26.8 12 26.8 26.8zm76.1 27.2c-1.7-35.9-9.9-67.7-36.2-93.9-26.2-26.2-58-34.4-93.9-36.2-37-2.1-147.9-2.1-184.9 0-35.8 1.7-67.6 9.9-93.9 36.1s-34.4 58-36.2 93.9c-2.1 37-2.1 147.9 0 184.9 1.7 35.9 9.9 67.7 36.2 93.9s58 34.4 93.9 36.2c37 2.1 147.9 2.1 184.9 0 35.9-1.7 67.7-9.9 93.9-36.2 26.2-26.2 34.4-58 36.2-93.9 2.1-37 2.1-147.8 0-184.8zM398.8 388c-7.8 19.6-22.9 34.7-42.6 42.6-29.5 11.7-99.5 9-132.1 9s-102.7 2.6-132.1-9c-19.6-7.8-34.7-22.9-42.6-42.6-11.7-29.5-9-99.5-9-132.1s-2.6-102.7 9-132.1c7.8-19.6 22.9-34.7 42.6-42.6 29.5-11.7 99.5-9 132.1-9s102.7-2.6 132.1 9c19.6 7.8 34.7 22.9 42.6 42.6 11.7 29.5 9 99.5 9 132.1s2.7 102.7-9 132.1z\"><\/path><\/svg>\t\t\t\t\t\t<\/span>\n\t\t\t\t\t\t\t\t\t\t<span class=\"elementor-icon-list-text\">DM en Instagram<\/span>\n\t\t\t\t\t\t\t\t\t\t\t<\/a>\n\t\t\t\t\t\t\t\t\t<\/li>\n\t\t\t\t\t\t<\/ul>\n\t\t\t\t\t\t<\/div>\n\t\t\t\t<\/div>\n\t\t\t\t<\/div>\n\t\t\t\t\t<\/div>\n\t\t\t\t<\/div>\n\t\t\t\t<\/div>\n\t\t","protected":false},"excerpt":{"rendered":"<p>\u00a1Hablemos! Estoy aqu\u00ed para acompa\u00f1arte en tu transformaci\u00f3n Distintas maneras de ponerte en contacto conmigo Si quieres m\u00e1s informaci\u00f3n sobre mis servicios, agendar una sesi\u00f3n o simplemente compartir tus dudas y comentarios, no dudes en contactarme. Ser\u00e1 un placer escucharte y ayudarte a descubrir tu mejor versi\u00f3n. +34691594713 +34691594713 DM en Instagram<\/p>\n","protected":false},"author":1,"featured_media":0,"parent":0,"menu_order":0,"comment_status":"closed","ping_status":"closed","template":"elementor_header_footer","meta":{"_joinchat":[],"footnotes":""},"class_list":["post-44","page","type-page","status-publish","hentry"],"yoast_head":"<!-- This site is optimized with the Yoast SEO plugin v26.1.1 - https:\/\/yoast.com\/wordpress\/plugins\/seo\/ -->\n<title>Contacto - Luz Goia<\/title>\n<meta name=\"robots\" content=\"index, follow, max-snippet:-1, max-image-preview:large, max-video-preview:-1\" \/>\n<link rel=\"canonical\" href=\"https:\/\/turismonilay.com\/LUZ\/contacto\/\" \/>\n<meta property=\"og:locale\" content=\"es_ES\" \/>\n<meta property=\"og:type\" content=\"article\" \/>\n<meta property=\"og:title\" content=\"Contacto - Luz Goia\" \/>\n<meta property=\"og:description\" content=\"\u00a1Hablemos! Estoy aqu\u00ed para acompa\u00f1arte en tu transformaci\u00f3n Distintas maneras de ponerte en contacto conmigo Si quieres m\u00e1s informaci\u00f3n sobre mis servicios, agendar una sesi\u00f3n o simplemente compartir tus dudas y comentarios, no dudes en contactarme. Ser\u00e1 un placer escucharte y ayudarte a descubrir tu mejor versi\u00f3n. +34691594713 +34691594713 DM en Instagram\" \/>\n<meta property=\"og:url\" content=\"https:\/\/turismonilay.com\/LUZ\/contacto\/\" \/>\n<meta property=\"og:site_name\" content=\"Luz Goia\" \/>\n<meta property=\"article:modified_time\" content=\"2025-04-23T14:29:29+00:00\" \/>\n<meta property=\"og:image\" content=\"http:\/\/turismonilay.com\/LUZ\/wp-content\/uploads\/elementor\/thumbs\/contacto-scaled-r4s1rgnuaupz8t429a20t0ommd3vyjaypjvr8szd6w.jpg\" \/>\n<meta name=\"twitter:card\" content=\"summary_large_image\" \/>\n<meta name=\"twitter:label1\" content=\"Tiempo de lectura\" \/>\n\t<meta name=\"twitter:data1\" content=\"1 minuto\" \/>\n<script type=\"application\/ld+json\" class=\"yoast-schema-graph\">{\"@context\":\"https:\/\/schema.org\",\"@graph\":[{\"@type\":\"WebPage\",\"@id\":\"https:\/\/turismonilay.com\/LUZ\/contacto\/\",\"url\":\"https:\/\/turismonilay.com\/LUZ\/contacto\/\",\"name\":\"Contacto - Luz Goia\",\"isPartOf\":{\"@id\":\"https:\/\/turismonilay.com\/LUZ\/#website\"},\"primaryImageOfPage\":{\"@id\":\"https:\/\/turismonilay.com\/LUZ\/contacto\/#primaryimage\"},\"image\":{\"@id\":\"https:\/\/turismonilay.com\/LUZ\/contacto\/#primaryimage\"},\"thumbnailUrl\":\"http:\/\/turismonilay.com\/LUZ\/wp-content\/uploads\/elementor\/thumbs\/contacto-scaled-r4s1rgnuaupz8t429a20t0ommd3vyjaypjvr8szd6w.jpg\",\"datePublished\":\"2025-03-07T11:51:22+00:00\",\"dateModified\":\"2025-04-23T14:29:29+00:00\",\"breadcrumb\":{\"@id\":\"https:\/\/turismonilay.com\/LUZ\/contacto\/#breadcrumb\"},\"inLanguage\":\"es\",\"potentialAction\":[{\"@type\":\"ReadAction\",\"target\":[\"https:\/\/turismonilay.com\/LUZ\/contacto\/\"]}]},{\"@type\":\"ImageObject\",\"inLanguage\":\"es\",\"@id\":\"https:\/\/turismonilay.com\/LUZ\/contacto\/#primaryimage\",\"url\":\"http:\/\/turismonilay.com\/LUZ\/wp-content\/uploads\/elementor\/thumbs\/contacto-scaled-r4s1rgnuaupz8t429a20t0ommd3vyjaypjvr8szd6w.jpg\",\"contentUrl\":\"http:\/\/turismonilay.com\/LUZ\/wp-content\/uploads\/elementor\/thumbs\/contacto-scaled-r4s1rgnuaupz8t429a20t0ommd3vyjaypjvr8szd6w.jpg\"},{\"@type\":\"BreadcrumbList\",\"@id\":\"https:\/\/turismonilay.com\/LUZ\/contacto\/#breadcrumb\",\"itemListElement\":[{\"@type\":\"ListItem\",\"position\":1,\"name\":\"Portada\",\"item\":\"https:\/\/turismonilay.com\/LUZ\/\"},{\"@type\":\"ListItem\",\"position\":2,\"name\":\"Contacto\"}]},{\"@type\":\"WebSite\",\"@id\":\"https:\/\/turismonilay.com\/LUZ\/#website\",\"url\":\"https:\/\/turismonilay.com\/LUZ\/\",\"name\":\"Luz Goia\",\"description\":\"\",\"publisher\":{\"@id\":\"https:\/\/turismonilay.com\/LUZ\/#organization\"},\"potentialAction\":[{\"@type\":\"SearchAction\",\"target\":{\"@type\":\"EntryPoint\",\"urlTemplate\":\"https:\/\/turismonilay.com\/LUZ\/?s={search_term_string}\"},\"query-input\":{\"@type\":\"PropertyValueSpecification\",\"valueRequired\":true,\"valueName\":\"search_term_string\"}}],\"inLanguage\":\"es\"},{\"@type\":\"Organization\",\"@id\":\"https:\/\/turismonilay.com\/LUZ\/#organization\",\"name\":\"Luz Goia\",\"url\":\"https:\/\/turismonilay.com\/LUZ\/\",\"logo\":{\"@type\":\"ImageObject\",\"inLanguage\":\"es\",\"@id\":\"https:\/\/turismonilay.com\/LUZ\/#\/schema\/logo\/image\/\",\"url\":\"https:\/\/turismonilay.com\/LUZ\/wp-content\/uploads\/2025\/04\/logo-prov-blanco.png\",\"contentUrl\":\"https:\/\/turismonilay.com\/LUZ\/wp-content\/uploads\/2025\/04\/logo-prov-blanco.png\",\"width\":1080,\"height\":253,\"caption\":\"Luz Goia\"},\"image\":{\"@id\":\"https:\/\/turismonilay.com\/LUZ\/#\/schema\/logo\/image\/\"}}]}<\/script>\n<!-- \/ Yoast SEO plugin. -->","yoast_head_json":{"title":"Contacto - Luz Goia","robots":{"index":"index","follow":"follow","max-snippet":"max-snippet:-1","max-image-preview":"max-image-preview:large","max-video-preview":"max-video-preview:-1"},"canonical":"https:\/\/turismonilay.com\/LUZ\/contacto\/","og_locale":"es_ES","og_type":"article","og_title":"Contacto - Luz Goia","og_description":"\u00a1Hablemos! Estoy aqu\u00ed para acompa\u00f1arte en tu transformaci\u00f3n Distintas maneras de ponerte en contacto conmigo Si quieres m\u00e1s informaci\u00f3n sobre mis servicios, agendar una sesi\u00f3n o simplemente compartir tus dudas y comentarios, no dudes en contactarme. Ser\u00e1 un placer escucharte y ayudarte a descubrir tu mejor versi\u00f3n. +34691594713 +34691594713 DM en Instagram","og_url":"https:\/\/turismonilay.com\/LUZ\/contacto\/","og_site_name":"Luz Goia","article_modified_time":"2025-04-23T14:29:29+00:00","og_image":[{"url":"http:\/\/turismonilay.com\/LUZ\/wp-content\/uploads\/elementor\/thumbs\/contacto-scaled-r4s1rgnuaupz8t429a20t0ommd3vyjaypjvr8szd6w.jpg","type":"","width":"","height":""}],"twitter_card":"summary_large_image","twitter_misc":{"Tiempo de lectura":"1 minuto"},"schema":{"@context":"https:\/\/schema.org","@graph":[{"@type":"WebPage","@id":"https:\/\/turismonilay.com\/LUZ\/contacto\/","url":"https:\/\/turismonilay.com\/LUZ\/contacto\/","name":"Contacto - Luz Goia","isPartOf":{"@id":"https:\/\/turismonilay.com\/LUZ\/#website"},"primaryImageOfPage":{"@id":"https:\/\/turismonilay.com\/LUZ\/contacto\/#primaryimage"},"image":{"@id":"https:\/\/turismonilay.com\/LUZ\/contacto\/#primaryimage"},"thumbnailUrl":"http:\/\/turismonilay.com\/LUZ\/wp-content\/uploads\/elementor\/thumbs\/contacto-scaled-r4s1rgnuaupz8t429a20t0ommd3vyjaypjvr8szd6w.jpg","datePublished":"2025-03-07T11:51:22+00:00","dateModified":"2025-04-23T14:29:29+00:00","breadcrumb":{"@id":"https:\/\/turismonilay.com\/LUZ\/contacto\/#breadcrumb"},"inLanguage":"es","potentialAction":[{"@type":"ReadAction","target":["https:\/\/turismonilay.com\/LUZ\/contacto\/"]}]},{"@type":"ImageObject","inLanguage":"es","@id":"https:\/\/turismonilay.com\/LUZ\/contacto\/#primaryimage","url":"http:\/\/turismonilay.com\/LUZ\/wp-content\/uploads\/elementor\/thumbs\/contacto-scaled-r4s1rgnuaupz8t429a20t0ommd3vyjaypjvr8szd6w.jpg","contentUrl":"http:\/\/turismonilay.com\/LUZ\/wp-content\/uploads\/elementor\/thumbs\/contacto-scaled-r4s1rgnuaupz8t429a20t0ommd3vyjaypjvr8szd6w.jpg"},{"@type":"BreadcrumbList","@id":"https:\/\/turismonilay.com\/LUZ\/contacto\/#breadcrumb","itemListElement":[{"@type":"ListItem","position":1,"name":"Portada","item":"https:\/\/turismonilay.com\/LUZ\/"},{"@type":"ListItem","position":2,"name":"Contacto"}]},{"@type":"WebSite","@id":"https:\/\/turismonilay.com\/LUZ\/#website","url":"https:\/\/turismonilay.com\/LUZ\/","name":"Luz Goia","description":"","publisher":{"@id":"https:\/\/turismonilay.com\/LUZ\/#organization"},"potentialAction":[{"@type":"SearchAction","target":{"@type":"EntryPoint","urlTemplate":"https:\/\/turismonilay.com\/LUZ\/?s={search_term_string}"},"query-input":{"@type":"PropertyValueSpecification","valueRequired":true,"valueName":"search_term_string"}}],"inLanguage":"es"},{"@type":"Organization","@id":"https:\/\/turismonilay.com\/LUZ\/#organization","name":"Luz Goia","url":"https:\/\/turismonilay.com\/LUZ\/","logo":{"@type":"ImageObject","inLanguage":"es","@id":"https:\/\/turismonilay.com\/LUZ\/#\/schema\/logo\/image\/","url":"https:\/\/turismonilay.com\/LUZ\/wp-content\/uploads\/2025\/04\/logo-prov-blanco.png","contentUrl":"https:\/\/turismonilay.com\/LUZ\/wp-content\/uploads\/2025\/04\/logo-prov-blanco.png","width":1080,"height":253,"caption":"Luz Goia"},"image":{"@id":"https:\/\/turismonilay.com\/LUZ\/#\/schema\/logo\/image\/"}}]}},"_links":{"self":[{"href":"https:\/\/turismonilay.com\/LUZ\/wp-json\/wp\/v2\/pages\/44","targetHints":{"allow":["GET"]}}],"collection":[{"href":"https:\/\/turismonilay.com\/LUZ\/wp-json\/wp\/v2\/pages"}],"about":[{"href":"https:\/\/turismonilay.com\/LUZ\/wp-json\/wp\/v2\/types\/page"}],"author":[{"embeddable":true,"href":"https:\/\/turismonilay.com\/LUZ\/wp-json\/wp\/v2\/users\/1"}],"replies":[{"embeddable":true,"href":"https:\/\/turismonilay.com\/LUZ\/wp-json\/wp\/v2\/comments?post=44"}],"version-history":[{"count":31,"href":"https:\/\/turismonilay.com\/LUZ\/wp-json\/wp\/v2\/pages\/44\/revisions"}],"predecessor-version":[{"id":634,"href":"https:\/\/turismonilay.com\/LUZ\/wp-json\/wp\/v2\/pages\/44\/revisions\/634"}],"wp:attachment":[{"href":"https:\/\/turismonilay.com\/LUZ\/wp-json\/wp\/v2\/media?parent=44"}],"curies":[{"name":"wp","href":"https:\/\/api.w.org\/{rel}","templated":true}]}}